{"id":121,"date":"2015-05-29T01:59:46","date_gmt":"2015-05-29T01:59:46","guid":{"rendered":"http:\/\/localhost:8888\/pugo_wp\/?page_id=121"},"modified":"2025-01-15T10:15:47","modified_gmt":"2025-01-15T09:15:47","slug":"impressum","status":"publish","type":"page","link":"https:\/\/puchegger.com\/?page_id=121","title":{"rendered":"IMPRESSUM"},"content":{"rendered":"<div  class='flex_column av-6trbd-6f8ad75fc4f9809679e4390e9b98dc34 av_one_full  avia-builder-el-0  el_before_av_two_fifth  avia-builder-el-first  first flex_column_div  '     ><p>\n<style type=\"text\/css\" data-created_by=\"avia_inline_auto\" id=\"style-css-av-1q93vl-5030fee284dcff2477482f67129dfeac\">\n#top .av-special-heading.av-1q93vl-5030fee284dcff2477482f67129dfeac{\npadding-bottom:10px;\n}\nbody .av-special-heading.av-1q93vl-5030fee284dcff2477482f67129dfeac .av-special-heading-tag .heading-char{\nfont-size:25px;\n}\n.av-special-heading.av-1q93vl-5030fee284dcff2477482f67129dfeac .av-subheading{\nfont-size:15px;\n}\n<\/style>\n<div  class='av-special-heading av-1q93vl-5030fee284dcff2477482f67129dfeac av-special-heading-h2 blockquote modern-quote  avia-builder-el-1  el_before_av_hr  avia-builder-el-first '><h2 class='av-special-heading-tag '  itemprop=\"headline\"  >IMPRESSUM<\/h2><div class=\"special-heading-border\"><div class=\"special-heading-inner-border\"><\/div><\/div><\/div><br \/>\n\n<style type=\"text\/css\" data-created_by=\"avia_inline_auto\" id=\"style-css-av-1j88hd-4cb0322d3b3513f24985735b61bc319b\">\n#top .hr.hr-invisible.av-1j88hd-4cb0322d3b3513f24985735b61bc319b{\nmargin-top:-22px;\nheight:1px;\n}\n<\/style>\n<div  class='hr av-1j88hd-4cb0322d3b3513f24985735b61bc319b hr-invisible  avia-builder-el-2  el_after_av_heading  avia-builder-el-last '><span class='hr-inner '><span class=\"hr-inner-style\"><\/span><\/span><\/div><\/p><\/div>\n<div  class='flex_column av-1cfgr5-d95631f9eda41ae4e7283af9ea033775 av_two_fifth  avia-builder-el-3  el_after_av_one_full  el_before_av_three_fifth  first flex_column_div  column-top-margin'     ><section  class='av_textblock_section av-17yv49-792918cad0278b636f9a24197269928d '   itemscope=\"itemscope\" itemtype=\"https:\/\/schema.org\/CreativeWork\" ><div class='avia_textblock'  itemprop=\"text\" ><h4>Kloft PUCHEGGER<br \/>\nEngineering GmbH<\/h4>\n<p><strong>Gesellschafter:<\/strong><br \/>\nKloft Verm\u00f6gensverwaltungs-GmbH &#038; Co KG<\/p>\n<p><strong>Gesch\u00e4ftsf\u00fchrer:<\/strong><br \/>\nBurghard Kloft<\/p>\n<p><strong>Firmensitz:<\/strong><br \/>\nUntersbergstra\u00dfe 12<br \/>\n5082 Gr\u00f6dig \u00b7 Austria<br \/>\nT +43 6246 73 536<\/p>\n<\/div><\/section><\/div>\n\n<style type=\"text\/css\" data-created_by=\"avia_inline_auto\" id=\"style-css-av-10ypyh-37c9a47234383e4e7deeea6deb6be2f6\">\n.flex_column.av-10ypyh-37c9a47234383e4e7deeea6deb6be2f6{\nborder-radius:0px 0px 0px 0px;\npadding:0px 0px 0px 0px;\n}\n<\/style>\n<div  class='flex_column av-10ypyh-37c9a47234383e4e7deeea6deb6be2f6 av_three_fifth  avia-builder-el-5  el_after_av_two_fifth  el_before_av_two_fifth  flex_column_div av-zero-column-padding  column-top-margin'     ><section  class='av_textblock_section av-v5f8h-c7ac2b84ddfb1685335e24935d0012f8 '   itemscope=\"itemscope\" itemtype=\"https:\/\/schema.org\/CreativeWork\" ><div class='avia_textblock'  itemprop=\"text\" ><p><strong><span class=\"copygray\">Bankverbindung:<br \/>\n<\/span><\/strong>Salzburger Sparkasse, BIC: SBGSAT2SXXX<br \/>\nIBAN: AT06 2040 4000 4142 7097<\/p>\n<p>Firmenbuch: LG 5010 Salzburg<br \/>\nFN: 403321 w \u00b7 UID: ATU 68208316<\/p>\n<p>E <a class=\"copylinks\" href=\"mailto:info@puchegger.com\" rel=\"noopener\">info(at)puchegger.com<\/a><br \/>\nW <a class=\"copylinks\" href=\"http:\/\/www.puchegger.com\">www.puchegger.com<\/a><\/p>\n<\/div><\/section><\/div>\n<div  class='flex_column av-oi9o1-1139b919df1e2c893296c23725872371 av_two_fifth  avia-builder-el-7  el_after_av_three_fifth  el_before_av_three_fifth  first flex_column_div  '     ><section  class='av_textblock_section av-mcxpt-cbc6dbdd66c194f0cf37d9fb4c5dce86 '   itemscope=\"itemscope\" itemtype=\"https:\/\/schema.org\/CreativeWork\" ><div class='avia_textblock'  itemprop=\"text\" ><p><strong>Konzeption und Design:<\/strong><br \/>\nKoHo Kommunikation &amp; Marketing GmbH<br \/>\n<a href=\"http:\/\/www.koho.at\" target=\"_blank\" rel=\"noopener\">www.koho.at<\/a><br \/>\nHannah Sindinger<br \/>\n<a href=\"http:\/\/www.sindinger.at\" target=\"_blank\" rel=\"noopener\">www.sindinger.at<\/a><\/p>\n<p><strong>Inhalt:<br \/>\n<\/strong>Karl Puchegger<\/p>\n<p><strong>Fotos:<\/strong><br \/>\n\u00a9 Karl Puchegger<br \/>\n\u00a9 Shutterstock, Fotolia<\/p>\n<\/div><\/section><\/div>\n<style type=\"text\/css\" data-created_by=\"avia_inline_auto\" id=\"style-css-av-dbekx-ba0f5bbd654f214c9e4700e3229ec2c6\">\n.flex_column.av-dbekx-ba0f5bbd654f214c9e4700e3229ec2c6{\nborder-radius:0px 0px 0px 0px;\npadding:0px 0px 0px 0px;\n}\n<\/style>\n<div  class='flex_column av-dbekx-ba0f5bbd654f214c9e4700e3229ec2c6 av_three_fifth  avia-builder-el-9  el_after_av_two_fifth  avia-builder-el-last  flex_column_div av-zero-column-padding  '     ><section  class='av_textblock_section av-aw0qx-e054f2fed65921f16f8faa464cb1d9be '   itemscope=\"itemscope\" itemtype=\"https:\/\/schema.org\/CreativeWork\" ><div class='avia_textblock'  itemprop=\"text\" ><p><strong>www.puchegger.com<\/strong> ist das deutschsprachige\/englischsprachige Internet-Angebot von <strong>KLOFT PUCHEGGER Engineering GmbH<\/strong>. Alle Seiten unterliegen dem Urheberschutz und d\u00fcrfen nur mit schriftlicher Genehmigung von KLOFT PUCHEGGER Engineering GmbH kopiert oder in eigene Angebote integriert werden. Alle Rechte vorbehalten. Irrt\u00fcmer und \u00c4nderungen vorbehalten!<\/p>\n<p>Wir weisen hiermit ausdr\u00fccklich darauf hin, dass wir keinerlei Einfluss auf die Gestaltung und die Inhalte von externen Internet-Angeboten haben, auf die wir z.B. durch einen Link verweisen. Wir k\u00f6nnen weder f\u00fcr den Inhalt, noch f\u00fcr die Aktualit\u00e4t dieser Angebote eine Haftung \u00fcbernehmen.<\/p>\n<\/div><\/section><\/div><\/p>\n","protected":false},"excerpt":{"rendered":"","protected":false},"author":1,"featured_media":0,"parent":0,"menu_order":0,"comment_status":"open","ping_status":"open","template":"","meta":{"footnotes":""},"class_list":["post-121","page","type-page","status-publish","hentry"],"_links":{"self":[{"href":"https:\/\/puchegger.com\/index.php?rest_route=\/wp\/v2\/pages\/121","targetHints":{"allow":["GET"]}}],"collection":[{"href":"https:\/\/puchegger.com\/index.php?rest_route=\/wp\/v2\/pages"}],"about":[{"href":"https:\/\/puchegger.com\/index.php?rest_route=\/wp\/v2\/types\/page"}],"author":[{"embeddable":true,"href":"https:\/\/puchegger.com\/index.php?rest_route=\/wp\/v2\/users\/1"}],"replies":[{"embeddable":true,"href":"https:\/\/puchegger.com\/index.php?rest_route=%2Fwp%2Fv2%2Fcomments&post=121"}],"version-history":[{"count":8,"href":"https:\/\/puchegger.com\/index.php?rest_route=\/wp\/v2\/pages\/121\/revisions"}],"predecessor-version":[{"id":1246,"href":"https:\/\/puchegger.com\/index.php?rest_route=\/wp\/v2\/pages\/121\/revisions\/1246"}],"wp:attachment":[{"href":"https:\/\/puchegger.com\/index.php?rest_route=%2Fwp%2Fv2%2Fmedia&parent=121"}],"curies":[{"name":"wp","href":"https:\/\/api.w.org\/{rel}","templated":true}]}}