{"id":136,"date":"2015-05-29T02:07:45","date_gmt":"2015-05-29T02:07:45","guid":{"rendered":"http:\/\/localhost:8888\/pugo_wp\/?page_id=136"},"modified":"2021-09-30T16:36:16","modified_gmt":"2021-09-30T14:36:16","slug":"serienfertigung","status":"publish","type":"page","link":"https:\/\/puchegger.com\/?page_id=136","title":{"rendered":"Serien-Fertigung"},"content":{"rendered":"<div  class='flex_column av-1yulv4-1ffc0303a370bfe65a0e6cdd0eae724e av_one_full  avia-builder-el-0  el_before_av_one_half  avia-builder-el-first  first flex_column_div  '     ><p>\n<style type=\"text\/css\" data-created_by=\"avia_inline_auto\" id=\"style-css-av-1oo9lc-e7ead871f8788b43bd1ec1427356f1b8\">\n#top .av-special-heading.av-1oo9lc-e7ead871f8788b43bd1ec1427356f1b8{\npadding-bottom:10px;\n}\nbody .av-special-heading.av-1oo9lc-e7ead871f8788b43bd1ec1427356f1b8 .av-special-heading-tag .heading-char{\nfont-size:25px;\n}\n.av-special-heading.av-1oo9lc-e7ead871f8788b43bd1ec1427356f1b8 .av-subheading{\nfont-size:15px;\n}\n<\/style>\n<div  class='av-special-heading av-1oo9lc-e7ead871f8788b43bd1ec1427356f1b8 av-special-heading-h2 blockquote modern-quote  avia-builder-el-1  el_before_av_hr  avia-builder-el-first '><h2 class='av-special-heading-tag '  itemprop=\"headline\"  >Serien-Fertigung<\/h2><div class=\"special-heading-border\"><div class=\"special-heading-inner-border\"><\/div><\/div><\/div><br \/>\n\n<style type=\"text\/css\" data-created_by=\"avia_inline_auto\" id=\"style-css-av-1n3eiw-4c98daf047c9563c61cc192695e00bf3\">\n#top .hr.hr-invisible.av-1n3eiw-4c98daf047c9563c61cc192695e00bf3{\nmargin-top:-22px;\nheight:1px;\n}\n<\/style>\n<div  class='hr av-1n3eiw-4c98daf047c9563c61cc192695e00bf3 hr-invisible  avia-builder-el-2  el_after_av_heading  avia-builder-el-last '><span class='hr-inner '><span class=\"hr-inner-style\"><\/span><\/span><\/div><\/p><\/div>\n<div  class='flex_column av-1ejli8-16c713897ee05df2c1993e47f6e24412 av_one_half  avia-builder-el-3  el_after_av_one_full  el_before_av_two_fifth  first flex_column_div  column-top-margin'     ><p><section  class='av_textblock_section av-18h5b4-e9edf856608448d34e965819ac7d01fa '   itemscope=\"itemscope\" itemtype=\"https:\/\/schema.org\/CreativeWork\" ><div class='avia_textblock'  itemprop=\"text\" ><p>In unserer Serienfertigung sind wir auf plattenartige Aluminiumteile spezialisiert, die wir auf unserem Hochgeschwindigkeitsfr\u00e4szentrum fertigen. Dieses ist mit einer Vakuumspannvorrichtung ausgestattet, das ein schnelles und pr\u00e4zises Spannen ohne Spannpratzen und spezielle Vorrichtungen erm\u00f6glicht. Es k\u00f6nnen Aluminium und Kunststoffplatten bis zu 1.000 x 1.500 x 40 mm bearbeitet werden.<\/p>\n<\/div><\/section><br \/>\n\n<style type=\"text\/css\" data-created_by=\"avia_inline_auto\" id=\"style-css-av-3sqy0-275cf40e27650cf2f622a91433581cac\">\n#top .hr.hr-invisible.av-3sqy0-275cf40e27650cf2f622a91433581cac{\nheight:22px;\n}\n<\/style>\n<div  class='hr av-3sqy0-275cf40e27650cf2f622a91433581cac hr-invisible  avia-builder-el-5  el_after_av_textblock  avia-builder-el-last '><span class='hr-inner '><span class=\"hr-inner-style\"><\/span><\/span><\/div><\/p><\/div>\n<div  class='flex_column av-ukrf4-934792d0471bce6dde00e4026f2015d7 av_two_fifth  avia-builder-el-6  el_after_av_one_half  avia-builder-el-last  flex_column_div  column-top-margin'     ><p>\n<style type=\"text\/css\" data-created_by=\"avia_inline_auto\" id=\"style-css-av-cme4o-d98c1f001af19b6b4c133f33e8e7e7aa\">\n.avia-image-container.av-cme4o-d98c1f001af19b6b4c133f33e8e7e7aa img.avia_image{\nbox-shadow:none;\n}\n.avia-image-container.av-cme4o-d98c1f001af19b6b4c133f33e8e7e7aa .av-image-caption-overlay-center{\ncolor:#ffffff;\n}\n<\/style>\n<div  class='avia-image-container av-cme4o-d98c1f001af19b6b4c133f33e8e7e7aa av-styling- av-img-linked avia-align-left  avia-builder-el-7  el_before_av_image  avia-builder-el-first '   itemprop=\"image\" itemscope=\"itemscope\" itemtype=\"https:\/\/schema.org\/ImageObject\" ><div class=\"avia-image-container-inner\"><div class=\"avia-image-overlay-wrap\"><a href=\"https:\/\/puchegger.com\/wp-content\/uploads\/2021\/09\/img_serienfertigung1-1.jpg\" data-srcset=\"https:\/\/puchegger.com\/wp-content\/uploads\/2021\/09\/img_serienfertigung1-1.jpg 1024w, https:\/\/puchegger.com\/wp-content\/uploads\/2021\/09\/img_serienfertigung1-1-300x187.jpg 300w, https:\/\/puchegger.com\/wp-content\/uploads\/2021\/09\/img_serienfertigung1-1-768x479.jpg 768w, https:\/\/puchegger.com\/wp-content\/uploads\/2021\/09\/img_serienfertigung1-1-705x439.jpg 705w\" data-sizes=\"(max-width: 1024px) 100vw, 1024px\" class='avia_image '  aria-label='img_serienfertigung1'><img decoding=\"async\" fetchpriority=\"high\" class='wp-image-1074 avia-img-lazy-loading-not-1074 avia_image ' src=\"https:\/\/puchegger.com\/wp-content\/uploads\/2021\/09\/img_serienfertigung1-1.jpg\" alt='' title='img_serienfertigung1'  height=\"638\" width=\"1024\"  itemprop=\"thumbnailUrl\" srcset=\"https:\/\/puchegger.com\/wp-content\/uploads\/2021\/09\/img_serienfertigung1-1.jpg 1024w, https:\/\/puchegger.com\/wp-content\/uploads\/2021\/09\/img_serienfertigung1-1-300x187.jpg 300w, https:\/\/puchegger.com\/wp-content\/uploads\/2021\/09\/img_serienfertigung1-1-768x479.jpg 768w, https:\/\/puchegger.com\/wp-content\/uploads\/2021\/09\/img_serienfertigung1-1-705x439.jpg 705w\" sizes=\"(max-width: 1024px) 100vw, 1024px\" \/><\/a><\/div><\/div><\/div><br \/>\n\n<style type=\"text\/css\" data-created_by=\"avia_inline_auto\" id=\"style-css-av-22b9c-b05008cc92df3526350354a519c252e2\">\n.avia-image-container.av-22b9c-b05008cc92df3526350354a519c252e2 img.avia_image{\nbox-shadow:none;\n}\n.avia-image-container.av-22b9c-b05008cc92df3526350354a519c252e2 .av-image-caption-overlay-center{\ncolor:#ffffff;\n}\n<\/style>\n<div  class='avia-image-container av-22b9c-b05008cc92df3526350354a519c252e2 av-styling- av-img-linked avia-align-left  avia-builder-el-8  el_after_av_image  el_before_av_image '   itemprop=\"image\" itemscope=\"itemscope\" itemtype=\"https:\/\/schema.org\/ImageObject\" ><div class=\"avia-image-container-inner\"><div class=\"avia-image-overlay-wrap\"><a href=\"https:\/\/puchegger.com\/wp-content\/uploads\/2021\/09\/img_pugo_serien-fertigung2.jpg\" data-srcset=\"https:\/\/puchegger.com\/wp-content\/uploads\/2021\/09\/img_pugo_serien-fertigung2.jpg 1024w, https:\/\/puchegger.com\/wp-content\/uploads\/2021\/09\/img_pugo_serien-fertigung2-300x187.jpg 300w, https:\/\/puchegger.com\/wp-content\/uploads\/2021\/09\/img_pugo_serien-fertigung2-768x479.jpg 768w, https:\/\/puchegger.com\/wp-content\/uploads\/2021\/09\/img_pugo_serien-fertigung2-705x439.jpg 705w\" data-sizes=\"(max-width: 1024px) 100vw, 1024px\" class='avia_image '  aria-label='img_pugo_serien-fertigung2'><img decoding=\"async\" fetchpriority=\"high\" class='wp-image-1061 avia-img-lazy-loading-not-1061 avia_image ' src=\"https:\/\/puchegger.com\/wp-content\/uploads\/2021\/09\/img_pugo_serien-fertigung2.jpg\" alt='' title='img_pugo_serien-fertigung2'  height=\"638\" width=\"1024\"  itemprop=\"thumbnailUrl\" srcset=\"https:\/\/puchegger.com\/wp-content\/uploads\/2021\/09\/img_pugo_serien-fertigung2.jpg 1024w, https:\/\/puchegger.com\/wp-content\/uploads\/2021\/09\/img_pugo_serien-fertigung2-300x187.jpg 300w, https:\/\/puchegger.com\/wp-content\/uploads\/2021\/09\/img_pugo_serien-fertigung2-768x479.jpg 768w, https:\/\/puchegger.com\/wp-content\/uploads\/2021\/09\/img_pugo_serien-fertigung2-705x439.jpg 705w\" sizes=\"(max-width: 1024px) 100vw, 1024px\" \/><\/a><\/div><\/div><\/div><br \/>\n\n<style type=\"text\/css\" data-created_by=\"avia_inline_auto\" id=\"style-css-av-qm4e0-8bebf95207a69811f9a9807e25016149\">\n.avia-image-container.av-qm4e0-8bebf95207a69811f9a9807e25016149 img.avia_image{\nbox-shadow:none;\n}\n.avia-image-container.av-qm4e0-8bebf95207a69811f9a9807e25016149 .av-image-caption-overlay-center{\ncolor:#ffffff;\n}\n<\/style>\n<div  class='avia-image-container av-qm4e0-8bebf95207a69811f9a9807e25016149 av-styling- av-img-linked avia-align-left  avia-builder-el-9  el_after_av_image  el_before_av_image '   itemprop=\"image\" itemscope=\"itemscope\" itemtype=\"https:\/\/schema.org\/ImageObject\" ><div class=\"avia-image-container-inner\"><div class=\"avia-image-overlay-wrap\"><a href=\"https:\/\/puchegger.com\/wp-content\/uploads\/2021\/09\/img_pugo_serien-fertigung1.jpg\" data-srcset=\"https:\/\/puchegger.com\/wp-content\/uploads\/2021\/09\/img_pugo_serien-fertigung1.jpg 1024w, https:\/\/puchegger.com\/wp-content\/uploads\/2021\/09\/img_pugo_serien-fertigung1-300x187.jpg 300w, https:\/\/puchegger.com\/wp-content\/uploads\/2021\/09\/img_pugo_serien-fertigung1-768x479.jpg 768w, https:\/\/puchegger.com\/wp-content\/uploads\/2021\/09\/img_pugo_serien-fertigung1-705x439.jpg 705w\" data-sizes=\"(max-width: 1024px) 100vw, 1024px\" class='avia_image '  aria-label='img_pugo_serien-fertigung1'><img decoding=\"async\" fetchpriority=\"high\" class='wp-image-1060 avia-img-lazy-loading-not-1060 avia_image ' src=\"https:\/\/puchegger.com\/wp-content\/uploads\/2021\/09\/img_pugo_serien-fertigung1.jpg\" alt='' title='img_pugo_serien-fertigung1'  height=\"638\" width=\"1024\"  itemprop=\"thumbnailUrl\" srcset=\"https:\/\/puchegger.com\/wp-content\/uploads\/2021\/09\/img_pugo_serien-fertigung1.jpg 1024w, https:\/\/puchegger.com\/wp-content\/uploads\/2021\/09\/img_pugo_serien-fertigung1-300x187.jpg 300w, https:\/\/puchegger.com\/wp-content\/uploads\/2021\/09\/img_pugo_serien-fertigung1-768x479.jpg 768w, https:\/\/puchegger.com\/wp-content\/uploads\/2021\/09\/img_pugo_serien-fertigung1-705x439.jpg 705w\" sizes=\"(max-width: 1024px) 100vw, 1024px\" \/><\/a><\/div><\/div><\/div><br \/>\n\n<style type=\"text\/css\" data-created_by=\"avia_inline_auto\" id=\"style-css-av-sbe8-888574d04ed1d628234d35860c48128c\">\n.avia-image-container.av-sbe8-888574d04ed1d628234d35860c48128c img.avia_image{\nbox-shadow:none;\n}\n.avia-image-container.av-sbe8-888574d04ed1d628234d35860c48128c .av-image-caption-overlay-center{\ncolor:#ffffff;\n}\n<\/style>\n<div  class='avia-image-container av-sbe8-888574d04ed1d628234d35860c48128c av-styling- av-img-linked avia-align-left  avia-builder-el-10  el_after_av_image  avia-builder-el-last '   itemprop=\"image\" itemscope=\"itemscope\" itemtype=\"https:\/\/schema.org\/ImageObject\" ><div class=\"avia-image-container-inner\"><div class=\"avia-image-overlay-wrap\"><a href=\"https:\/\/puchegger.com\/wp-content\/uploads\/2021\/09\/img_serienfertigung3.jpg\" data-srcset=\"https:\/\/puchegger.com\/wp-content\/uploads\/2021\/09\/img_serienfertigung3.jpg 1024w, https:\/\/puchegger.com\/wp-content\/uploads\/2021\/09\/img_serienfertigung3-300x187.jpg 300w, https:\/\/puchegger.com\/wp-content\/uploads\/2021\/09\/img_serienfertigung3-768x479.jpg 768w, https:\/\/puchegger.com\/wp-content\/uploads\/2021\/09\/img_serienfertigung3-705x439.jpg 705w\" data-sizes=\"(max-width: 1024px) 100vw, 1024px\" class='avia_image '  aria-label='img_serienfertigung3'><img decoding=\"async\" fetchpriority=\"high\" class='wp-image-1075 avia-img-lazy-loading-not-1075 avia_image ' src=\"https:\/\/puchegger.com\/wp-content\/uploads\/2021\/09\/img_serienfertigung3.jpg\" alt='' title='img_serienfertigung3'  height=\"638\" width=\"1024\"  itemprop=\"thumbnailUrl\" srcset=\"https:\/\/puchegger.com\/wp-content\/uploads\/2021\/09\/img_serienfertigung3.jpg 1024w, https:\/\/puchegger.com\/wp-content\/uploads\/2021\/09\/img_serienfertigung3-300x187.jpg 300w, https:\/\/puchegger.com\/wp-content\/uploads\/2021\/09\/img_serienfertigung3-768x479.jpg 768w, https:\/\/puchegger.com\/wp-content\/uploads\/2021\/09\/img_serienfertigung3-705x439.jpg 705w\" sizes=\"(max-width: 1024px) 100vw, 1024px\" \/><\/a><\/div><\/div><\/div><\/p><\/div>\n","protected":false},"excerpt":{"rendered":"","protected":false},"author":1,"featured_media":0,"parent":0,"menu_order":0,"comment_status":"open","ping_status":"open","template":"","meta":{"footnotes":""},"class_list":["post-136","page","type-page","status-publish","hentry"],"_links":{"self":[{"href":"https:\/\/puchegger.com\/index.php?rest_route=\/wp\/v2\/pages\/136","targetHints":{"allow":["GET"]}}],"collection":[{"href":"https:\/\/puchegger.com\/index.php?rest_route=\/wp\/v2\/pages"}],"about":[{"href":"https:\/\/puchegger.com\/index.php?rest_route=\/wp\/v2\/types\/page"}],"author":[{"embeddable":true,"href":"https:\/\/puchegger.com\/index.php?rest_route=\/wp\/v2\/users\/1"}],"replies":[{"embeddable":true,"href":"https:\/\/puchegger.com\/index.php?rest_route=%2Fwp%2Fv2%2Fcomments&post=136"}],"version-history":[{"count":3,"href":"https:\/\/puchegger.com\/index.php?rest_route=\/wp\/v2\/pages\/136\/revisions"}],"predecessor-version":[{"id":1213,"href":"https:\/\/puchegger.com\/index.php?rest_route=\/wp\/v2\/pages\/136\/revisions\/1213"}],"wp:attachment":[{"href":"https:\/\/puchegger.com\/index.php?rest_route=%2Fwp%2Fv2%2Fmedia&parent=136"}],"curies":[{"name":"wp","href":"https:\/\/api.w.org\/{rel}","templated":true}]}}