{"id":148,"date":"2015-05-29T02:08:37","date_gmt":"2015-05-29T02:08:37","guid":{"rendered":"http:\/\/localhost:8888\/pugo_wp\/?page_id=148"},"modified":"2015-05-29T02:08:37","modified_gmt":"2015-05-29T02:08:37","slug":"fachhochschulen-universitaeten","status":"publish","type":"page","link":"https:\/\/puchegger.com\/?page_id=148","title":{"rendered":"Fachhochschulen\/Universit\u00e4ten"},"content":{"rendered":"<div  class='flex_column av-av_one_full-2a9015ff38129c418a3f2eafba3e9512 av_one_full  avia-builder-el-0  avia-builder-el-no-sibling  first flex_column_div  '     ><p>\n<style type=\"text\/css\" data-created_by=\"avia_inline_auto\" id=\"style-css-av-av_heading-7f91700ebfbb6b7dcdb9f50c4cb8921a\">\n#top .av-special-heading.av-av_heading-7f91700ebfbb6b7dcdb9f50c4cb8921a{\npadding-bottom:10px;\n}\nbody .av-special-heading.av-av_heading-7f91700ebfbb6b7dcdb9f50c4cb8921a .av-special-heading-tag .heading-char{\nfont-size:25px;\n}\n.av-special-heading.av-av_heading-7f91700ebfbb6b7dcdb9f50c4cb8921a .av-subheading{\nfont-size:15px;\n}\n<\/style>\n<div  class='av-special-heading av-av_heading-7f91700ebfbb6b7dcdb9f50c4cb8921a av-special-heading-h2 blockquote modern-quote  avia-builder-el-1  el_before_av_textblock  avia-builder-el-first '><h2 class='av-special-heading-tag '  itemprop=\"headline\"  >FACHHOCHSCHULEN\/UNIVERSIT\u00c4TEN<\/h2><div class=\"special-heading-border\"><div class=\"special-heading-inner-border\"><\/div><\/div><\/div><br \/>\n<section  class='av_textblock_section av-av_textblock-0366cc7376be6c9e82a3e9cc8987b64f '   itemscope=\"itemscope\" itemtype=\"https:\/\/schema.org\/CreativeWork\" ><div class='avia_textblock'  itemprop=\"text\" ><p><strong>Kooperation mit FH-SALZBURG, Campus Kuchl zur Verifizierung industrieller Klebungen.<\/strong><\/p>\n<p>Im Rahmen dieser Kooperation wurde die Expertise und die Laborausr\u00fcstung des Campus Kuchl der FH Salzburg genutzt, um industrielle Klebungen, wie sie in der Produktion eines unserer Kunden durchgef\u00fchrt werden, auf Ihre Haltbarkeit in Verbindung mit einem definierten Temperatur- und Feuchtezyklus zu verifizieren. Zu diesem Zweck wurden die Klebungen auf einer kalibrierten Pr\u00fcfmaschinen definierten Zug-, Druck- oder Scherkr\u00e4ften ausgesetzt und dabei das Kraft-Zeit-Diagramm bis hin zur Zerst\u00f6rung der Klebung aufgezeichnet und in Form eines Berichtes dokumentiert.<\/p>\n<\/div><\/section><\/p><\/div>\n","protected":false},"excerpt":{"rendered":"","protected":false},"author":1,"featured_media":0,"parent":0,"menu_order":0,"comment_status":"open","ping_status":"open","template":"","meta":{"footnotes":""},"class_list":["post-148","page","type-page","status-publish","hentry"],"_links":{"self":[{"href":"https:\/\/puchegger.com\/index.php?rest_route=\/wp\/v2\/pages\/148","targetHints":{"allow":["GET"]}}],"collection":[{"href":"https:\/\/puchegger.com\/index.php?rest_route=\/wp\/v2\/pages"}],"about":[{"href":"https:\/\/puchegger.com\/index.php?rest_route=\/wp\/v2\/types\/page"}],"author":[{"embeddable":true,"href":"https:\/\/puchegger.com\/index.php?rest_route=\/wp\/v2\/users\/1"}],"replies":[{"embeddable":true,"href":"https:\/\/puchegger.com\/index.php?rest_route=%2Fwp%2Fv2%2Fcomments&post=148"}],"version-history":[{"count":0,"href":"https:\/\/puchegger.com\/index.php?rest_route=\/wp\/v2\/pages\/148\/revisions"}],"wp:attachment":[{"href":"https:\/\/puchegger.com\/index.php?rest_route=%2Fwp%2Fv2%2Fmedia&parent=148"}],"curies":[{"name":"wp","href":"https:\/\/api.w.org\/{rel}","templated":true}]}}