{"id":537,"date":"2015-06-25T17:21:21","date_gmt":"2015-06-25T15:21:21","guid":{"rendered":"http:\/\/www.griessner-markom.at\/pugo_wp\/?page_id=537"},"modified":"2021-09-27T14:07:44","modified_gmt":"2021-09-27T12:07:44","slug":"maschinenpark","status":"publish","type":"page","link":"https:\/\/puchegger.com\/?page_id=537","title":{"rendered":"Maschinenpark"},"content":{"rendered":"<div  class='flex_column av-2gulc1-588712594c906f915e35fcf1a80f4057 av_one_full  avia-builder-el-0  el_before_av_one_half  avia-builder-el-first  first flex_column_div  '     ><p>\n<style type=\"text\/css\" data-created_by=\"avia_inline_auto\" id=\"style-css-av-7ynux-dd453748c33a9b7cfa78cd5d8bea7923\">\n#top .av-special-heading.av-7ynux-dd453748c33a9b7cfa78cd5d8bea7923{\npadding-bottom:10px;\n}\nbody .av-special-heading.av-7ynux-dd453748c33a9b7cfa78cd5d8bea7923 .av-special-heading-tag .heading-char{\nfont-size:25px;\n}\n.av-special-heading.av-7ynux-dd453748c33a9b7cfa78cd5d8bea7923 .av-subheading{\nfont-size:15px;\n}\n<\/style>\n<div  class='av-special-heading av-7ynux-dd453748c33a9b7cfa78cd5d8bea7923 av-special-heading-h2 blockquote modern-quote  avia-builder-el-1  el_before_av_hr  avia-builder-el-first '><h2 class='av-special-heading-tag '  itemprop=\"headline\"  >Maschinenpark<\/h2><div class=\"special-heading-border\"><div class=\"special-heading-inner-border\"><\/div><\/div><\/div><br \/>\n\n<style type=\"text\/css\" data-created_by=\"avia_inline_auto\" id=\"style-css-av-207dkp-a638ad6b0c35146e0d8831d8bbded99b\">\n#top .hr.hr-invisible.av-207dkp-a638ad6b0c35146e0d8831d8bbded99b{\nmargin-top:-22px;\nheight:1px;\n}\n<\/style>\n<div  class='hr av-207dkp-a638ad6b0c35146e0d8831d8bbded99b hr-invisible  avia-builder-el-2  el_after_av_heading  avia-builder-el-last '><span class='hr-inner '><span class=\"hr-inner-style\"><\/span><\/span><\/div><\/p><\/div>\n<div  class='flex_column av-1ucuvd-08568f89f06485cec7e6caa541ca1a37 av_one_half  avia-builder-el-3  el_after_av_one_full  el_before_av_two_fifth  first flex_column_div  column-top-margin'     ><section  class='av_textblock_section av-1pdpsp-232696a862e1da7fb60c87e4360cc330 '   itemscope=\"itemscope\" itemtype=\"https:\/\/schema.org\/CreativeWork\" ><div class='avia_textblock'  itemprop=\"text\" ><p>Unsere Maschinenpark umfasst im Wesentlichen ein 3-Achsen-Bearbeitunszentrum des Typs HURCO VMX 30t (siehe oberes Bild) sowie eine Platten-Fr\u00e4smaschine bzw. Hochgeschwindigkeitsfr\u00e4se (HSC) des Typs DATRON ML1500 (siehe mittleres Bild).<\/p>\n<\/div><\/section><\/div>\n<div  class='flex_column av-1j9nq9-6acc480d0e1b27190189a55376aad51f av_two_fifth  avia-builder-el-5  el_after_av_one_half  el_before_av_one_half  flex_column_div  column-top-margin'     ><p>\n<style type=\"text\/css\" data-created_by=\"avia_inline_auto\" id=\"style-css-av-1h9lld-99d97a09554e091ddfc9ea8c9bba0739\">\n.avia-image-container.av-1h9lld-99d97a09554e091ddfc9ea8c9bba0739 img.avia_image{\nbox-shadow:none;\n}\n.avia-image-container.av-1h9lld-99d97a09554e091ddfc9ea8c9bba0739 .av-image-caption-overlay-center{\ncolor:#ffffff;\n}\n<\/style>\n<div  class='avia-image-container av-1h9lld-99d97a09554e091ddfc9ea8c9bba0739 av-styling- av-img-linked avia-align-left  avia-builder-el-6  el_before_av_textblock  avia-builder-el-first '   itemprop=\"image\" itemscope=\"itemscope\" itemtype=\"https:\/\/schema.org\/ImageObject\" ><div class=\"avia-image-container-inner\"><div class=\"avia-image-overlay-wrap\"><a href=\"https:\/\/puchegger.com\/wp-content\/uploads\/2021\/09\/img_Maschinenpark1.jpg\" data-srcset=\"https:\/\/puchegger.com\/wp-content\/uploads\/2021\/09\/img_Maschinenpark1.jpg 1024w, https:\/\/puchegger.com\/wp-content\/uploads\/2021\/09\/img_Maschinenpark1-300x187.jpg 300w, https:\/\/puchegger.com\/wp-content\/uploads\/2021\/09\/img_Maschinenpark1-768x479.jpg 768w, https:\/\/puchegger.com\/wp-content\/uploads\/2021\/09\/img_Maschinenpark1-705x439.jpg 705w\" data-sizes=\"(max-width: 1024px) 100vw, 1024px\" class='avia_image '  aria-label='img_Maschinenpark1'><img decoding=\"async\" fetchpriority=\"high\" class='wp-image-1037 avia-img-lazy-loading-not-1037 avia_image ' src=\"https:\/\/puchegger.com\/wp-content\/uploads\/2021\/09\/img_Maschinenpark1.jpg\" alt='' title='img_Maschinenpark1'  height=\"638\" width=\"1024\"  itemprop=\"thumbnailUrl\" srcset=\"https:\/\/puchegger.com\/wp-content\/uploads\/2021\/09\/img_Maschinenpark1.jpg 1024w, https:\/\/puchegger.com\/wp-content\/uploads\/2021\/09\/img_Maschinenpark1-300x187.jpg 300w, https:\/\/puchegger.com\/wp-content\/uploads\/2021\/09\/img_Maschinenpark1-768x479.jpg 768w, https:\/\/puchegger.com\/wp-content\/uploads\/2021\/09\/img_Maschinenpark1-705x439.jpg 705w\" sizes=\"(max-width: 1024px) 100vw, 1024px\" \/><\/a><\/div><\/div><\/div><br \/>\n<section  class='av_textblock_section av-4jecx-946c7b492ba013744ace7984143c6416 '   itemscope=\"itemscope\" itemtype=\"https:\/\/schema.org\/CreativeWork\" ><div class='avia_textblock'  itemprop=\"text\" ><p>HURCO VMX30T, 3-Achsen-F\u00e4smaschine<\/p>\n<\/div><\/section><\/p><\/div><div  class='flex_column av-14ycsx-520f41394812e907e4cb7025b8d6f0e9 av_one_half  avia-builder-el-8  el_after_av_two_fifth  el_before_av_two_fifth  first flex_column_div  '     ><section  class='av_textblock_section av-vsqah-6e006dcc0708606867a96d769a40b5c8 '   itemscope=\"itemscope\" itemtype=\"https:\/\/schema.org\/CreativeWork\" ><div class='avia_textblock'  itemprop=\"text\" ><p>In der Serienfertigung sind wir auf plattenartige Aluminiumteile spezialisiert (siehe unterstes Bild), die wir auf unserem Hochgeschwindigkeitsfr\u00e4smaschine DATRON ML1500 fertigen. Diese ist mit einer Vakuum-spannvorrichtung ausgestattet, die ein schnelles und pr\u00e4zises Spannen gro\u00dfer Aluminium- und Kunststoffplatten erm\u00f6glicht, ohne Spannpratzen oder spezielle Spann-Vorrichtungen einsetzen zu m\u00fcssen. Mit dieser Maschine k\u00f6nnen Aluminium und Kunststoffplatten bis zu Abmessungen von 1.000 x 1.500 x 40 mm bearbeitet werden.<\/p>\n<\/div><\/section><\/div><\/p>\n<div  class='flex_column av-tdmhl-058f408fbcb9ec297435f20ea477aff4 av_two_fifth  avia-builder-el-10  el_after_av_one_half  avia-builder-el-last  flex_column_div  '     ><p>\n<style type=\"text\/css\" data-created_by=\"avia_inline_auto\" id=\"style-css-av-kgal5-774925d3501a0f71b09edf85237433f1\">\n.avia-image-container.av-kgal5-774925d3501a0f71b09edf85237433f1 img.avia_image{\nbox-shadow:none;\n}\n.avia-image-container.av-kgal5-774925d3501a0f71b09edf85237433f1 .av-image-caption-overlay-center{\ncolor:#ffffff;\n}\n<\/style>\n<div  class='avia-image-container av-kgal5-774925d3501a0f71b09edf85237433f1 av-styling- av-img-linked avia-align-left  avia-builder-el-11  el_before_av_textblock  avia-builder-el-first '   itemprop=\"image\" itemscope=\"itemscope\" itemtype=\"https:\/\/schema.org\/ImageObject\" ><div class=\"avia-image-container-inner\"><div class=\"avia-image-overlay-wrap\"><a href=\"https:\/\/puchegger.com\/wp-content\/uploads\/2021\/09\/img_Maschinenpark2.jpg\" data-srcset=\"https:\/\/puchegger.com\/wp-content\/uploads\/2021\/09\/img_Maschinenpark2.jpg 1024w, https:\/\/puchegger.com\/wp-content\/uploads\/2021\/09\/img_Maschinenpark2-300x187.jpg 300w, https:\/\/puchegger.com\/wp-content\/uploads\/2021\/09\/img_Maschinenpark2-768x479.jpg 768w, https:\/\/puchegger.com\/wp-content\/uploads\/2021\/09\/img_Maschinenpark2-705x439.jpg 705w\" data-sizes=\"(max-width: 1024px) 100vw, 1024px\" class='avia_image '  aria-label='img_Maschinenpark2'><img decoding=\"async\" fetchpriority=\"high\" class='wp-image-1038 avia-img-lazy-loading-not-1038 avia_image ' src=\"https:\/\/puchegger.com\/wp-content\/uploads\/2021\/09\/img_Maschinenpark2.jpg\" alt='' title='img_Maschinenpark2'  height=\"638\" width=\"1024\"  itemprop=\"thumbnailUrl\" srcset=\"https:\/\/puchegger.com\/wp-content\/uploads\/2021\/09\/img_Maschinenpark2.jpg 1024w, https:\/\/puchegger.com\/wp-content\/uploads\/2021\/09\/img_Maschinenpark2-300x187.jpg 300w, https:\/\/puchegger.com\/wp-content\/uploads\/2021\/09\/img_Maschinenpark2-768x479.jpg 768w, https:\/\/puchegger.com\/wp-content\/uploads\/2021\/09\/img_Maschinenpark2-705x439.jpg 705w\" sizes=\"(max-width: 1024px) 100vw, 1024px\" \/><\/a><\/div><\/div><\/div><br \/>\n<section  class='av_textblock_section av-esoc9-8687c603ee6cfaffa403a0d159c1bc6d '   itemscope=\"itemscope\" itemtype=\"https:\/\/schema.org\/CreativeWork\" ><div class='avia_textblock'  itemprop=\"text\" ><p>DATRON ML1500, Hochgeschwindigkeitsfr\u00e4se mit Vakuumspannvorrichtung<\/p>\n<\/div><\/section><br \/>\n\n<style type=\"text\/css\" data-created_by=\"avia_inline_auto\" id=\"style-css-av-7eau1-c88e8f4f04746bd31cc543d9b372e67d\">\n.avia-image-container.av-7eau1-c88e8f4f04746bd31cc543d9b372e67d img.avia_image{\nbox-shadow:none;\n}\n.avia-image-container.av-7eau1-c88e8f4f04746bd31cc543d9b372e67d .av-image-caption-overlay-center{\ncolor:#ffffff;\n}\n<\/style>\n<div  class='avia-image-container av-7eau1-c88e8f4f04746bd31cc543d9b372e67d av-styling- av-img-linked avia-align-left  avia-builder-el-13  el_after_av_textblock  avia-builder-el-last '   itemprop=\"image\" itemscope=\"itemscope\" itemtype=\"https:\/\/schema.org\/ImageObject\" ><div class=\"avia-image-container-inner\"><div class=\"avia-image-overlay-wrap\"><a href=\"https:\/\/puchegger.com\/wp-content\/uploads\/2021\/09\/hochgeschwindigkeit1.jpg\" data-srcset=\"https:\/\/puchegger.com\/wp-content\/uploads\/2021\/09\/hochgeschwindigkeit1.jpg 1024w, https:\/\/puchegger.com\/wp-content\/uploads\/2021\/09\/hochgeschwindigkeit1-300x187.jpg 300w, https:\/\/puchegger.com\/wp-content\/uploads\/2021\/09\/hochgeschwindigkeit1-768x479.jpg 768w, https:\/\/puchegger.com\/wp-content\/uploads\/2021\/09\/hochgeschwindigkeit1-705x439.jpg 705w\" data-sizes=\"(max-width: 1024px) 100vw, 1024px\" class='avia_image '  aria-label='hochgeschwindigkeit1'><img decoding=\"async\" fetchpriority=\"high\" class='wp-image-1024 avia-img-lazy-loading-not-1024 avia_image ' src=\"https:\/\/puchegger.com\/wp-content\/uploads\/2021\/09\/hochgeschwindigkeit1.jpg\" alt='' title='hochgeschwindigkeit1'  height=\"638\" width=\"1024\"  itemprop=\"thumbnailUrl\" srcset=\"https:\/\/puchegger.com\/wp-content\/uploads\/2021\/09\/hochgeschwindigkeit1.jpg 1024w, https:\/\/puchegger.com\/wp-content\/uploads\/2021\/09\/hochgeschwindigkeit1-300x187.jpg 300w, https:\/\/puchegger.com\/wp-content\/uploads\/2021\/09\/hochgeschwindigkeit1-768x479.jpg 768w, https:\/\/puchegger.com\/wp-content\/uploads\/2021\/09\/hochgeschwindigkeit1-705x439.jpg 705w\" sizes=\"(max-width: 1024px) 100vw, 1024px\" \/><\/a><\/div><\/div><\/div><\/p><\/div>\n","protected":false},"excerpt":{"rendered":"","protected":false},"author":1,"featured_media":0,"parent":0,"menu_order":0,"comment_status":"open","ping_status":"open","template":"","meta":{"footnotes":""},"class_list":["post-537","page","type-page","status-publish","hentry"],"_links":{"self":[{"href":"https:\/\/puchegger.com\/index.php?rest_route=\/wp\/v2\/pages\/537","targetHints":{"allow":["GET"]}}],"collection":[{"href":"https:\/\/puchegger.com\/index.php?rest_route=\/wp\/v2\/pages"}],"about":[{"href":"https:\/\/puchegger.com\/index.php?rest_route=\/wp\/v2\/types\/page"}],"author":[{"embeddable":true,"href":"https:\/\/puchegger.com\/index.php?rest_route=\/wp\/v2\/users\/1"}],"replies":[{"embeddable":true,"href":"https:\/\/puchegger.com\/index.php?rest_route=%2Fwp%2Fv2%2Fcomments&post=537"}],"version-history":[{"count":1,"href":"https:\/\/puchegger.com\/index.php?rest_route=\/wp\/v2\/pages\/537\/revisions"}],"predecessor-version":[{"id":1175,"href":"https:\/\/puchegger.com\/index.php?rest_route=\/wp\/v2\/pages\/537\/revisions\/1175"}],"wp:attachment":[{"href":"https:\/\/puchegger.com\/index.php?rest_route=%2Fwp%2Fv2%2Fmedia&parent=537"}],"curies":[{"name":"wp","href":"https:\/\/api.w.org\/{rel}","templated":true}]}}