{"id":56,"date":"2015-05-29T01:53:00","date_gmt":"2015-05-29T01:53:00","guid":{"rendered":"http:\/\/localhost:8888\/pugo_wp\/?page_id=56"},"modified":"2021-09-30T16:20:19","modified_gmt":"2021-09-30T14:20:19","slug":"industrie-anwendungen","status":"publish","type":"page","link":"https:\/\/puchegger.com\/?page_id=56","title":{"rendered":"Industrie-Anwendungen"},"content":{"rendered":"<div  class='flex_column av-62yu4-5cf471c8841cb5dd45cf167d4eb2aac9 av_one_full  avia-builder-el-0  el_before_av_one_half  avia-builder-el-first  first flex_column_div  '     ><p>\n<style type=\"text\/css\" data-created_by=\"avia_inline_auto\" id=\"style-css-av-5kwok-590669f5b1732d53067ecb06aa790490\">\n#top .av-special-heading.av-5kwok-590669f5b1732d53067ecb06aa790490{\npadding-bottom:10px;\n}\nbody .av-special-heading.av-5kwok-590669f5b1732d53067ecb06aa790490 .av-special-heading-tag .heading-char{\nfont-size:25px;\n}\n.av-special-heading.av-5kwok-590669f5b1732d53067ecb06aa790490 .av-subheading{\nfont-size:15px;\n}\n<\/style>\n<div  class='av-special-heading av-5kwok-590669f5b1732d53067ecb06aa790490 av-special-heading-h2 blockquote modern-quote  avia-builder-el-1  el_before_av_hr  avia-builder-el-first '><h2 class='av-special-heading-tag '  itemprop=\"headline\"  >Geh\u00e4use f\u00fcr rotierende Industrie-Anwendungen<\/h2><div class=\"special-heading-border\"><div class=\"special-heading-inner-border\"><\/div><\/div><\/div><br \/>\n\n<style type=\"text\/css\" data-created_by=\"avia_inline_auto\" id=\"style-css-av-54lq0-37d6275d4d64f3a8ce6ab6edb23916f6\">\n#top .hr.hr-invisible.av-54lq0-37d6275d4d64f3a8ce6ab6edb23916f6{\nmargin-top:-22px;\nheight:1px;\n}\n<\/style>\n<div  class='hr av-54lq0-37d6275d4d64f3a8ce6ab6edb23916f6 hr-invisible  avia-builder-el-2  el_after_av_heading  avia-builder-el-last '><span class='hr-inner '><span class=\"hr-inner-style\"><\/span><\/span><\/div><\/p><\/div>\n<div  class='flex_column av-494gs-26b83f69212e4dcb210f67f3821fba4a av_one_half  avia-builder-el-3  el_after_av_one_full  el_before_av_two_fifth  first flex_column_div  column-top-margin'     ><section  class='av_textblock_section av-3yb9o-e6db299ce483d9350898266bd13a7572 '   itemscope=\"itemscope\" itemtype=\"https:\/\/schema.org\/CreativeWork\" ><div class='avia_textblock'  itemprop=\"text\" ><h4>Wir bieten<\/h4>\n<ul>\n<li>Kundenspezifische Konstruktion von Messsystem-Geh\u00e4usen f\u00fcr rotierende Walzen<\/li>\n<li>Know How bez\u00fcglich thermischer Ausdehnung, Wuchtigkeit und Dichtheit<\/li>\n<li>Teststand zur \u00dcberpr\u00fcfung der Wuchtigkeit<\/li>\n<li>Teststand zur \u00dcberpr\u00fcfung der Dichtigkeit gegen Fl\u00fcssigkeitseintritt<\/li>\n<\/ul>\n<\/div><\/section><br \/>\n<section  class='av_textblock_section av-3b0do-cb05261371a7a76934de6731d4a7cfb7 '   itemscope=\"itemscope\" itemtype=\"https:\/\/schema.org\/CreativeWork\" ><div class='avia_textblock'  itemprop=\"text\" ><p>Wir entwickeln kundenspezifische Geh\u00e4use f\u00fcr Messsysteme mit elektronischen und optischen Komponenten, die auf der Stirnseite rotierender Walzen montiert sind. Die Geh\u00e4use m\u00fcssen harten industriellen Bedingungen widerstehen. Dabei sind meist nicht nur rotationsbedingte Fliehkr\u00e4fte aufzunehmen, sondern vor allem auch Dichtheit gegen\u00fcber Fl\u00fcssigkeitseintritt zu bewerkstelligen. Die Gew\u00e4hrleistung von Dichtheit erscheint in einem statischen System, bei station\u00e4ren Temperaturbedingungen durchaus machbar. Gleiches in rotierenden Systemen, mit unterschiedlichen Materialkombinationen und stark wechselnden Temperaturbedingungen zu realisieren, ist eine echte Herausforderung, der wir uns immer wieder stellen m\u00fcssen. Eine weitere gro\u00dfe Herausforderung liegt im Bereich der Wuchtigkeit derartiger schnell rotierenden Mess-Einheiten, da diese aus starrer Mechanik und mehr oder weniger beweglichen Komponenten, wie Elektronik und Verkabelungen bestehen, die durch die Fliehkr\u00e4fte drehzahlabh\u00e4ngig nach Au\u00dfen wandern und damit dynamische Unwuchtheit erzeugen.<\/p>\n<\/div><\/section><\/p><\/div>\n<div  class='flex_column av-2mlwo-275a681c3e4ad71629b1897bbe1d010d av_two_fifth  avia-builder-el-6  el_after_av_one_half  avia-builder-el-last  flex_column_div  column-top-margin'     ><p>\n<style type=\"text\/css\" data-created_by=\"avia_inline_auto\" id=\"style-css-av-2440g-eabf7e93f351efae14c9b3ff6471a8a4\">\n.avia-image-container.av-2440g-eabf7e93f351efae14c9b3ff6471a8a4 img.avia_image{\nbox-shadow:none;\n}\n.avia-image-container.av-2440g-eabf7e93f351efae14c9b3ff6471a8a4 .av-image-caption-overlay-center{\ncolor:#ffffff;\n}\n<\/style>\n<div  class='avia-image-container av-2440g-eabf7e93f351efae14c9b3ff6471a8a4 av-styling- av-img-linked avia-align-left  avia-builder-el-7  el_before_av_image  avia-builder-el-first '   itemprop=\"image\" itemscope=\"itemscope\" itemtype=\"https:\/\/schema.org\/ImageObject\" ><div class=\"avia-image-container-inner\"><div class=\"avia-image-overlay-wrap\"><a href=\"https:\/\/puchegger.com\/wp-content\/uploads\/2021\/09\/Industrianwendungen3.jpg\" data-srcset=\"https:\/\/puchegger.com\/wp-content\/uploads\/2021\/09\/Industrianwendungen3.jpg 1024w, https:\/\/puchegger.com\/wp-content\/uploads\/2021\/09\/Industrianwendungen3-300x187.jpg 300w, https:\/\/puchegger.com\/wp-content\/uploads\/2021\/09\/Industrianwendungen3-768x479.jpg 768w, https:\/\/puchegger.com\/wp-content\/uploads\/2021\/09\/Industrianwendungen3-705x439.jpg 705w\" data-sizes=\"(max-width: 1024px) 100vw, 1024px\" class='avia_image '  aria-label='Industrianwendungen3'><img decoding=\"async\" fetchpriority=\"high\" class='wp-image-1078 avia-img-lazy-loading-not-1078 avia_image ' src=\"https:\/\/puchegger.com\/wp-content\/uploads\/2021\/09\/Industrianwendungen3.jpg\" alt='' title='Industrianwendungen3'  height=\"638\" width=\"1024\"  itemprop=\"thumbnailUrl\" srcset=\"https:\/\/puchegger.com\/wp-content\/uploads\/2021\/09\/Industrianwendungen3.jpg 1024w, https:\/\/puchegger.com\/wp-content\/uploads\/2021\/09\/Industrianwendungen3-300x187.jpg 300w, https:\/\/puchegger.com\/wp-content\/uploads\/2021\/09\/Industrianwendungen3-768x479.jpg 768w, https:\/\/puchegger.com\/wp-content\/uploads\/2021\/09\/Industrianwendungen3-705x439.jpg 705w\" sizes=\"(max-width: 1024px) 100vw, 1024px\" \/><\/a><\/div><\/div><\/div><br \/>\n\n<style type=\"text\/css\" data-created_by=\"avia_inline_auto\" id=\"style-css-av-ku70y6u9-5d7ed79550d376f677db3b554ec25ded\">\n.avia-image-container.av-ku70y6u9-5d7ed79550d376f677db3b554ec25ded img.avia_image{\nbox-shadow:none;\n}\n.avia-image-container.av-ku70y6u9-5d7ed79550d376f677db3b554ec25ded .av-image-caption-overlay-center{\ncolor:#ffffff;\n}\n<\/style>\n<div  class='avia-image-container av-ku70y6u9-5d7ed79550d376f677db3b554ec25ded av-styling- av-img-linked avia-align-left  avia-builder-el-8  el_after_av_image  el_before_av_image '   itemprop=\"image\" itemscope=\"itemscope\" itemtype=\"https:\/\/schema.org\/ImageObject\" ><div class=\"avia-image-container-inner\"><div class=\"avia-image-overlay-wrap\"><a href=\"https:\/\/puchegger.com\/wp-content\/uploads\/2021\/09\/img_RotGehaeuse1.jpg\" data-srcset=\"https:\/\/puchegger.com\/wp-content\/uploads\/2021\/09\/img_RotGehaeuse1.jpg 1024w, https:\/\/puchegger.com\/wp-content\/uploads\/2021\/09\/img_RotGehaeuse1-300x187.jpg 300w, https:\/\/puchegger.com\/wp-content\/uploads\/2021\/09\/img_RotGehaeuse1-768x479.jpg 768w, https:\/\/puchegger.com\/wp-content\/uploads\/2021\/09\/img_RotGehaeuse1-705x439.jpg 705w\" data-sizes=\"(max-width: 1024px) 100vw, 1024px\" class='avia_image '  aria-label='img_RotGehaeuse1'><img decoding=\"async\" fetchpriority=\"high\" class='wp-image-1071 avia-img-lazy-loading-not-1071 avia_image ' src=\"https:\/\/puchegger.com\/wp-content\/uploads\/2021\/09\/img_RotGehaeuse1.jpg\" alt='' title='img_RotGehaeuse1'  height=\"638\" width=\"1024\"  itemprop=\"thumbnailUrl\" srcset=\"https:\/\/puchegger.com\/wp-content\/uploads\/2021\/09\/img_RotGehaeuse1.jpg 1024w, https:\/\/puchegger.com\/wp-content\/uploads\/2021\/09\/img_RotGehaeuse1-300x187.jpg 300w, https:\/\/puchegger.com\/wp-content\/uploads\/2021\/09\/img_RotGehaeuse1-768x479.jpg 768w, https:\/\/puchegger.com\/wp-content\/uploads\/2021\/09\/img_RotGehaeuse1-705x439.jpg 705w\" sizes=\"(max-width: 1024px) 100vw, 1024px\" \/><\/a><\/div><\/div><\/div><br \/>\n\n<style type=\"text\/css\" data-created_by=\"avia_inline_auto\" id=\"style-css-av-1dgg0-e3e4f2180621b60cb03572014ae381c4\">\n.avia-image-container.av-1dgg0-e3e4f2180621b60cb03572014ae381c4 img.avia_image{\nbox-shadow:none;\n}\n.avia-image-container.av-1dgg0-e3e4f2180621b60cb03572014ae381c4 .av-image-caption-overlay-center{\ncolor:#ffffff;\n}\n<\/style>\n<div  class='avia-image-container av-1dgg0-e3e4f2180621b60cb03572014ae381c4 av-styling- av-img-linked avia-align-left  avia-builder-el-9  el_after_av_image  avia-builder-el-last '   itemprop=\"image\" itemscope=\"itemscope\" itemtype=\"https:\/\/schema.org\/ImageObject\" ><div class=\"avia-image-container-inner\"><div class=\"avia-image-overlay-wrap\"><a href=\"https:\/\/puchegger.com\/wp-content\/uploads\/2021\/09\/img_RotGehaeuse2.jpg\" data-srcset=\"https:\/\/puchegger.com\/wp-content\/uploads\/2021\/09\/img_RotGehaeuse2.jpg 1024w, https:\/\/puchegger.com\/wp-content\/uploads\/2021\/09\/img_RotGehaeuse2-300x187.jpg 300w, https:\/\/puchegger.com\/wp-content\/uploads\/2021\/09\/img_RotGehaeuse2-768x479.jpg 768w, https:\/\/puchegger.com\/wp-content\/uploads\/2021\/09\/img_RotGehaeuse2-705x439.jpg 705w\" data-sizes=\"(max-width: 1024px) 100vw, 1024px\" class='avia_image '  aria-label='img_RotGehaeuse2'><img decoding=\"async\" fetchpriority=\"high\" class='wp-image-1072 avia-img-lazy-loading-not-1072 avia_image ' src=\"https:\/\/puchegger.com\/wp-content\/uploads\/2021\/09\/img_RotGehaeuse2.jpg\" alt='' title='img_RotGehaeuse2'  height=\"638\" width=\"1024\"  itemprop=\"thumbnailUrl\" srcset=\"https:\/\/puchegger.com\/wp-content\/uploads\/2021\/09\/img_RotGehaeuse2.jpg 1024w, https:\/\/puchegger.com\/wp-content\/uploads\/2021\/09\/img_RotGehaeuse2-300x187.jpg 300w, https:\/\/puchegger.com\/wp-content\/uploads\/2021\/09\/img_RotGehaeuse2-768x479.jpg 768w, https:\/\/puchegger.com\/wp-content\/uploads\/2021\/09\/img_RotGehaeuse2-705x439.jpg 705w\" sizes=\"(max-width: 1024px) 100vw, 1024px\" \/><\/a><\/div><\/div><\/div><\/p><\/div>\n","protected":false},"excerpt":{"rendered":"","protected":false},"author":1,"featured_media":0,"parent":0,"menu_order":0,"comment_status":"open","ping_status":"open","template":"","meta":{"footnotes":""},"class_list":["post-56","page","type-page","status-publish","hentry"],"_links":{"self":[{"href":"https:\/\/puchegger.com\/index.php?rest_route=\/wp\/v2\/pages\/56","targetHints":{"allow":["GET"]}}],"collection":[{"href":"https:\/\/puchegger.com\/index.php?rest_route=\/wp\/v2\/pages"}],"about":[{"href":"https:\/\/puchegger.com\/index.php?rest_route=\/wp\/v2\/types\/page"}],"author":[{"embeddable":true,"href":"https:\/\/puchegger.com\/index.php?rest_route=\/wp\/v2\/users\/1"}],"replies":[{"embeddable":true,"href":"https:\/\/puchegger.com\/index.php?rest_route=%2Fwp%2Fv2%2Fcomments&post=56"}],"version-history":[{"count":3,"href":"https:\/\/puchegger.com\/index.php?rest_route=\/wp\/v2\/pages\/56\/revisions"}],"predecessor-version":[{"id":1205,"href":"https:\/\/puchegger.com\/index.php?rest_route=\/wp\/v2\/pages\/56\/revisions\/1205"}],"wp:attachment":[{"href":"https:\/\/puchegger.com\/index.php?rest_route=%2Fwp%2Fv2%2Fmedia&parent=56"}],"curies":[{"name":"wp","href":"https:\/\/api.w.org\/{rel}","templated":true}]}}