{"id":59,"date":"2015-05-29T01:53:18","date_gmt":"2015-05-29T01:53:18","guid":{"rendered":"http:\/\/localhost:8888\/pugo_wp\/?page_id=59"},"modified":"2015-05-29T01:53:18","modified_gmt":"2015-05-29T01:53:18","slug":"sondergeraete-entwicklung","status":"publish","type":"page","link":"https:\/\/puchegger.com\/?page_id=59","title":{"rendered":"Sonderger\u00e4te-Entwicklung"},"content":{"rendered":"<div  class='flex_column av-av_one_full-2a9015ff38129c418a3f2eafba3e9512 av_one_full  avia-builder-el-0  el_before_av_one_full  avia-builder-el-first  first flex_column_div  '     ><p>\n<style type=\"text\/css\" data-created_by=\"avia_inline_auto\" id=\"style-css-av-av_heading-0d8a6cc7d91480bee656d65add463a2e\">\n#top .av-special-heading.av-av_heading-0d8a6cc7d91480bee656d65add463a2e{\npadding-bottom:10px;\n}\nbody .av-special-heading.av-av_heading-0d8a6cc7d91480bee656d65add463a2e .av-special-heading-tag .heading-char{\nfont-size:25px;\n}\n.av-special-heading.av-av_heading-0d8a6cc7d91480bee656d65add463a2e .av-subheading{\nfont-size:15px;\n}\n<\/style>\n<div  class='av-special-heading av-av_heading-0d8a6cc7d91480bee656d65add463a2e av-special-heading-h2 blockquote modern-quote  avia-builder-el-1  el_before_av_hr  avia-builder-el-first '><h2 class='av-special-heading-tag '  itemprop=\"headline\"  >Sonderger\u00e4te-Entwicklung<\/h2><div class=\"special-heading-border\"><div class=\"special-heading-inner-border\"><\/div><\/div><\/div><br \/>\n\n<style type=\"text\/css\" data-created_by=\"avia_inline_auto\" id=\"style-css-av-av_hr-9105166924b37ea83c8c8cc4b7c8a064\">\n#top .hr.hr-invisible.av-av_hr-9105166924b37ea83c8c8cc4b7c8a064{\nmargin-top:-22px;\nheight:1px;\n}\n<\/style>\n<div  class='hr av-av_hr-9105166924b37ea83c8c8cc4b7c8a064 hr-invisible  avia-builder-el-2  el_after_av_heading  avia-builder-el-last '><span class='hr-inner '><span class=\"hr-inner-style\"><\/span><\/span><\/div><\/p><\/div>\n<div  class='flex_column av-av_one_full-2a9015ff38129c418a3f2eafba3e9512 av_one_full  avia-builder-el-3  el_after_av_one_full  avia-builder-el-last  first flex_column_div  column-top-margin'     ><section  class='av_textblock_section av-av_textblock-0366cc7376be6c9e82a3e9cc8987b64f '   itemscope=\"itemscope\" itemtype=\"https:\/\/schema.org\/CreativeWork\" ><div class='avia_textblock'  itemprop=\"text\" ><h4><strong>Wir bieten<\/strong><\/h4>\n<ul>\n<li>Erstellung eines Pflichtenheftes<\/li>\n<li>Erstellung eines Entwicklungskonzeptes<\/li>\n<li>Durchf\u00fchrung einer Machbarkeitsstudie (falls notwendig), inkl. Dokumentation<\/li>\n<li>Bau eines Vorprototypen (Breadboard)<\/li>\n<li>Bau und Testen von Prototypen, inkl. Dokumentation<\/li>\n<li>Durchlaufen der Entwicklungsschleifen in der Prototypenphase, inkl. Dokumentation<\/li>\n<li>Bau einer Nullserie<\/li>\n<li>Erstellung von Arbeits- und Testanweisungen<\/li>\n<li>Planung und Durchf\u00fchrung der Serien\u00fcberleitung<\/li>\n<\/ul>\n<p>Wir entwickeln auch Sonder-Ger\u00e4te oder Module von Ger\u00e4ten nach kundenspezifischen Vorgaben. Wir begleiten Sie auf dem langen Weg von den ersten Besprechungen \u00fcber die nachfolgenden Projekt-Meilensteine (Breadboard, Prototypenphase, etc.) bis zur Serien\u00fcberleitung.<\/p>\n<h4><\/h4>\n<\/div><\/section><\/div>\n","protected":false},"excerpt":{"rendered":"","protected":false},"author":1,"featured_media":0,"parent":0,"menu_order":0,"comment_status":"open","ping_status":"open","template":"","meta":{"footnotes":""},"class_list":["post-59","page","type-page","status-publish","hentry"],"_links":{"self":[{"href":"https:\/\/puchegger.com\/index.php?rest_route=\/wp\/v2\/pages\/59","targetHints":{"allow":["GET"]}}],"collection":[{"href":"https:\/\/puchegger.com\/index.php?rest_route=\/wp\/v2\/pages"}],"about":[{"href":"https:\/\/puchegger.com\/index.php?rest_route=\/wp\/v2\/types\/page"}],"author":[{"embeddable":true,"href":"https:\/\/puchegger.com\/index.php?rest_route=\/wp\/v2\/users\/1"}],"replies":[{"embeddable":true,"href":"https:\/\/puchegger.com\/index.php?rest_route=%2Fwp%2Fv2%2Fcomments&post=59"}],"version-history":[{"count":0,"href":"https:\/\/puchegger.com\/index.php?rest_route=\/wp\/v2\/pages\/59\/revisions"}],"wp:attachment":[{"href":"https:\/\/puchegger.com\/index.php?rest_route=%2Fwp%2Fv2%2Fmedia&parent=59"}],"curies":[{"name":"wp","href":"https:\/\/api.w.org\/{rel}","templated":true}]}}