{"id":741,"date":"2015-05-29T01:50:54","date_gmt":"2015-05-29T01:50:54","guid":{"rendered":"http:\/\/localhost:8888\/pugo_wp\/?page_id=32"},"modified":"2015-05-29T01:50:54","modified_gmt":"2015-05-29T01:50:54","slug":"produkte-leistungen","status":"publish","type":"page","link":"https:\/\/puchegger.com\/?page_id=741","title":{"rendered":"Produkte und Leistungen"},"content":{"rendered":"<div  class='flex_column av-av_one_full-2a9015ff38129c418a3f2eafba3e9512 av_one_full  avia-builder-el-0  el_before_av_one_half  avia-builder-el-first  first flex_column_div  '     ><p>\n<style type=\"text\/css\" data-created_by=\"avia_inline_auto\" id=\"style-css-av-av_heading-754d190b65e16d4345d1ce67d9b91bc0\">\n#top .av-special-heading.av-av_heading-754d190b65e16d4345d1ce67d9b91bc0{\npadding-bottom:10px;\n}\nbody .av-special-heading.av-av_heading-754d190b65e16d4345d1ce67d9b91bc0 .av-special-heading-tag .heading-char{\nfont-size:25px;\n}\n.av-special-heading.av-av_heading-754d190b65e16d4345d1ce67d9b91bc0 .av-subheading{\nfont-size:15px;\n}\n<\/style>\n<div  class='av-special-heading av-av_heading-754d190b65e16d4345d1ce67d9b91bc0 av-special-heading-h2 blockquote modern-quote  avia-builder-el-1  el_before_av_hr  avia-builder-el-first '><h2 class='av-special-heading-tag '  itemprop=\"headline\"  >PRODUKTE und LEISTUNGEN<\/h2><div class=\"special-heading-border\"><div class=\"special-heading-inner-border\"><\/div><\/div><\/div><br \/>\n\n<style type=\"text\/css\" data-created_by=\"avia_inline_auto\" id=\"style-css-av-av_hr-9105166924b37ea83c8c8cc4b7c8a064\">\n#top .hr.hr-invisible.av-av_hr-9105166924b37ea83c8c8cc4b7c8a064{\nmargin-top:-22px;\nheight:1px;\n}\n<\/style>\n<div  class='hr av-av_hr-9105166924b37ea83c8c8cc4b7c8a064 hr-invisible  avia-builder-el-2  el_after_av_heading  avia-builder-el-last '><span class='hr-inner '><span class=\"hr-inner-style\"><\/span><\/span><\/div><\/p><\/div>\n<div  class='flex_column av-av_one_half-2a9015ff38129c418a3f2eafba3e9512 av_one_half  avia-builder-el-3  el_after_av_one_full  el_before_av_one_half  first flex_column_div  column-top-margin'     ><section  class='av_textblock_section av-av_textblock-0366cc7376be6c9e82a3e9cc8987b64f '   itemscope=\"itemscope\" itemtype=\"https:\/\/schema.org\/CreativeWork\" ><div class='avia_textblock'  itemprop=\"text\" ><p>Unser Unternehmen m\u00f6chte seine Kunden bei der <strong>ENTWICKLUNG von Modulen, Baugruppen und Ger\u00e4ten<\/strong> unterst\u00fctzen. Dabei k\u00f6nnen wir den Bogen sehr weit spannen und Sie von der Erstellung des Pflichtenheftes \u00fcber die <strong>Fertigung von Prototypen<\/strong> bis zur <strong>Serienfertigung<\/strong> begleiten oder aber den Ball flach halten und nur die Entwicklung eines Modules f\u00fcr Sie durchf\u00fchren.<\/p>\n<p>Die M\u00e4rkte in denen wir t\u00e4tig sind, reichen von der Industrie (z.B. Papierindustrie) \u00fcber den <strong>Medizintechnik- und Pharma-Zuliefer-Bereich<\/strong> bis hin zur <strong>Solarzellenbranche<\/strong>.<\/p>\n<p>Wir haben komplexe Geh\u00e4usesysteme f\u00fcr schnell rotierende Industrien-Anwendungen entwickelt und gefertigt aber auch fluoreszenz-optische Module entwickelt und Testst\u00e4nde f\u00fcr Solarzellen konzipiert und gebaut.<\/p>\n<p>Wir bieten aber auch <strong>KLASSISCHES ENGINEERING<\/strong> sowie die <strong>LOHNFERTIGUNG<\/strong> von Teilen, in erster Linie von Fr\u00e4steilen in Alu. Unsere Spezialit\u00e4t sind plattenartige Fr\u00e4steile bis zu einer Gr\u00f6\u00dfe von 1.000 x 1.500 x 40 mm, die mittels Vakuumspannvorrichtung auf unserer Hochgeschwindigkeitsfr\u00e4se (HSC) effizient gefertigt werden k\u00f6nnen. Die St\u00fcckzahlen reichen von Einzelst\u00fccken bis zu mittleren Serien (ca. 1.000 Stk\/Jahr).<\/p>\n<\/div><\/section><\/div><div  class='flex_column av-av_one_half-1c47c10d9dd6b9bc0b68f292c1cf5942 av_one_half  avia-builder-el-5  el_after_av_one_half  avia-builder-el-last  flex_column_div  column-top-margin'     ><section  class='av_textblock_section av-av_textblock-0366cc7376be6c9e82a3e9cc8987b64f '   itemscope=\"itemscope\" itemtype=\"https:\/\/schema.org\/CreativeWork\" ><div class='avia_textblock'  itemprop=\"text\" ><p>Auch die <strong>MONTAGE<\/strong> von <strong>PROTOTYPEN<\/strong> kann bei uns im Hause durchgef\u00fchrt werden. Wir haben langj\u00e4hrige Erfahrung in der Montage opto-mechanischer Baugruppen. Wir arbeiten schnell, sauber und pr\u00e4zise nach Ihren Arbeitsanweisungen. Wir \u00fcbernehmen auch Testaufgaben um assemblierte Baugruppen einem Funktionstest oder einem Burn-In-Test zu unterziehen.<\/p>\n<p>Gerne entwickeln wir f\u00fcr Sie auch <strong>MONTAGE-HILFSMITTEL und TEST-EQUIPMENT<\/strong> f\u00fcr Ihre Produktion. Das kann von simplen Montagevorrichtungen bis zu komplexen Justage- und Testvorrichtungen reichen.<\/p>\n<p>F\u00fcr den Bereich Hydrogeologie stellen wir sogenannte <strong>Lichtleiter-Fluorometer<\/strong> her, das sind feldtauglliche Fluorometer, die mit einer Lichtleitersonde ausger\u00fcstet zur Online-Messung nat\u00fcrlicher und k\u00fcnstlicher Fluoreszenz-Tracerstoffe eingesetzt werden.<\/p>\n<p>Wir f\u00fchren derartige Tracerversuche auch im Rahmen einer Dienstleistung durch, sei es in Form eines hydrogeologischen Markierungsversuches, In Form von Dichtheitstests bei Deponien oder in Form von Durchflussmessungen im Industrie- und Kernkraftwerksbereich (AKW).<\/p>\n<\/div><\/section><\/div><\/p>\n","protected":false},"excerpt":{"rendered":"","protected":false},"author":1,"featured_media":0,"parent":0,"menu_order":0,"comment_status":"open","ping_status":"open","template":"","meta":{"footnotes":""},"class_list":["post-741","page","type-page","status-publish","hentry"],"_links":{"self":[{"href":"https:\/\/puchegger.com\/index.php?rest_route=\/wp\/v2\/pages\/741","targetHints":{"allow":["GET"]}}],"collection":[{"href":"https:\/\/puchegger.com\/index.php?rest_route=\/wp\/v2\/pages"}],"about":[{"href":"https:\/\/puchegger.com\/index.php?rest_route=\/wp\/v2\/types\/page"}],"author":[{"embeddable":true,"href":"https:\/\/puchegger.com\/index.php?rest_route=\/wp\/v2\/users\/1"}],"replies":[{"embeddable":true,"href":"https:\/\/puchegger.com\/index.php?rest_route=%2Fwp%2Fv2%2Fcomments&post=741"}],"version-history":[{"count":0,"href":"https:\/\/puchegger.com\/index.php?rest_route=\/wp\/v2\/pages\/741\/revisions"}],"wp:attachment":[{"href":"https:\/\/puchegger.com\/index.php?rest_route=%2Fwp%2Fv2%2Fmedia&parent=741"}],"curies":[{"name":"wp","href":"https:\/\/api.w.org\/{rel}","templated":true}]}}