{"id":839,"date":"2015-07-13T22:54:24","date_gmt":"2015-07-13T21:54:24","guid":{"rendered":"http:\/\/www.puchegger-gotschy.com\/?page_id=839"},"modified":"2021-09-30T16:39:44","modified_gmt":"2021-09-30T14:39:44","slug":"montagevorrichtungen","status":"publish","type":"page","link":"https:\/\/puchegger.com\/?page_id=839","title":{"rendered":"Montagevorrichtungen"},"content":{"rendered":"<div  class='flex_column av-b33xj-fb2ff8c0251bc901b528c33f6718deb9 av_one_full  avia-builder-el-0  el_before_av_one_half  avia-builder-el-first  first flex_column_div  '     ><p>\n<style type=\"text\/css\" data-created_by=\"avia_inline_auto\" id=\"style-css-av-2u5alb-575e8203dc425af7009ae576af1d815f\">\n#top .av-special-heading.av-2u5alb-575e8203dc425af7009ae576af1d815f{\npadding-bottom:10px;\n}\nbody .av-special-heading.av-2u5alb-575e8203dc425af7009ae576af1d815f .av-special-heading-tag .heading-char{\nfont-size:25px;\n}\n.av-special-heading.av-2u5alb-575e8203dc425af7009ae576af1d815f .av-subheading{\nfont-size:15px;\n}\n<\/style>\n<div  class='av-special-heading av-2u5alb-575e8203dc425af7009ae576af1d815f av-special-heading-h2 blockquote modern-quote  avia-builder-el-1  el_before_av_hr  avia-builder-el-first '><h2 class='av-special-heading-tag '  itemprop=\"headline\"  >Montagevorrichtungen<\/h2><div class=\"special-heading-border\"><div class=\"special-heading-inner-border\"><\/div><\/div><\/div><br \/>\n\n<style type=\"text\/css\" data-created_by=\"avia_inline_auto\" id=\"style-css-av-2s2rpz-4506e6257b8ba478387e8d9111b3856b\">\n#top .hr.hr-invisible.av-2s2rpz-4506e6257b8ba478387e8d9111b3856b{\nmargin-top:-22px;\nheight:1px;\n}\n<\/style>\n<div  class='hr av-2s2rpz-4506e6257b8ba478387e8d9111b3856b hr-invisible  avia-builder-el-2  el_after_av_heading  avia-builder-el-last '><span class='hr-inner '><span class=\"hr-inner-style\"><\/span><\/span><\/div><\/p><\/div>\n<div  class='flex_column av-2m9wfj-4cb1371d3eb11115b4d4b64b268f3c3e av_one_half  avia-builder-el-3  el_after_av_one_full  el_before_av_one_half  first flex_column_div  column-top-margin'     ><section  class='av_textblock_section av-2d6w1z-8117246c985b4f5e60fb1bc5b7073c56 '   itemscope=\"itemscope\" itemtype=\"https:\/\/schema.org\/CreativeWork\" ><div class='avia_textblock'  itemprop=\"text\" ><p>Gegenstand dieses Projektes war die Entwicklung und der Bau einer ganzen Reihe von Justage- Montage- und Klebevorrichtungen f\u00fcr einen Ger\u00e4tehersteller aus dem Bio-Tech-Bereich. Ziel war es, mit m\u00f6glichst geringen Kosten einfache Vorrichtungen zu konstruieren, die den Montageablauf in der Produktion des Kunden erleichtern, ohne auf PC- und Software-Infrastruktur zur\u00fcckgreifen zu m\u00fcssen. Einige dieser Vorrichtungen sind im Folgenden abgebildet. Die auff\u00e4llige Farbgebung mit rotem Eloxal sollte die Verwechslungsgefahr dieser Vorrichtungen mit anderen Vorrichtungen reduzieren.<\/p>\n<\/div><\/section><\/div>\n<div  class='flex_column av-29g147-7b616604090c3e0afd02729df7be82db av_one_half  avia-builder-el-5  el_after_av_one_half  el_before_av_one_half  flex_column_div  column-top-margin'     ><p>\n<style type=\"text\/css\" data-created_by=\"avia_inline_auto\" id=\"style-css-av-21jitz-a7e24cc8f5382ffee03a83703c547e44\">\n.avia-image-container.av-21jitz-a7e24cc8f5382ffee03a83703c547e44 img.avia_image{\nbox-shadow:none;\n}\n.avia-image-container.av-21jitz-a7e24cc8f5382ffee03a83703c547e44 .av-image-caption-overlay-center{\ncolor:#ffffff;\n}\n<\/style>\n<div  class='avia-image-container av-21jitz-a7e24cc8f5382ffee03a83703c547e44 av-styling- av-img-linked avia-align-left  avia-builder-el-6  el_before_av_textblock  avia-builder-el-first '   itemprop=\"image\" itemscope=\"itemscope\" itemtype=\"https:\/\/schema.org\/ImageObject\" ><div class=\"avia-image-container-inner\"><div class=\"avia-image-overlay-wrap\"><a href=\"https:\/\/puchegger.com\/wp-content\/uploads\/2021\/09\/img_Klebevorrichtung1.jpg\" data-srcset=\"https:\/\/puchegger.com\/wp-content\/uploads\/2021\/09\/img_Klebevorrichtung1.jpg 1024w, https:\/\/puchegger.com\/wp-content\/uploads\/2021\/09\/img_Klebevorrichtung1-300x187.jpg 300w, https:\/\/puchegger.com\/wp-content\/uploads\/2021\/09\/img_Klebevorrichtung1-768x479.jpg 768w, https:\/\/puchegger.com\/wp-content\/uploads\/2021\/09\/img_Klebevorrichtung1-705x439.jpg 705w\" data-sizes=\"(max-width: 1024px) 100vw, 1024px\" class='avia_image '  aria-label='img_Klebevorrichtung1'><img decoding=\"async\" fetchpriority=\"high\" class='wp-image-1028 avia-img-lazy-loading-not-1028 avia_image ' src=\"https:\/\/puchegger.com\/wp-content\/uploads\/2021\/09\/img_Klebevorrichtung1.jpg\" alt='' title='img_Klebevorrichtung1'  height=\"638\" width=\"1024\"  itemprop=\"thumbnailUrl\" srcset=\"https:\/\/puchegger.com\/wp-content\/uploads\/2021\/09\/img_Klebevorrichtung1.jpg 1024w, https:\/\/puchegger.com\/wp-content\/uploads\/2021\/09\/img_Klebevorrichtung1-300x187.jpg 300w, https:\/\/puchegger.com\/wp-content\/uploads\/2021\/09\/img_Klebevorrichtung1-768x479.jpg 768w, https:\/\/puchegger.com\/wp-content\/uploads\/2021\/09\/img_Klebevorrichtung1-705x439.jpg 705w\" sizes=\"(max-width: 1024px) 100vw, 1024px\" \/><\/a><\/div><\/div><\/div><br \/>\n<section  class='av_textblock_section av-1u3cif-bb08765f7c49323406e2492787732593 '   itemscope=\"itemscope\" itemtype=\"https:\/\/schema.org\/CreativeWork\" ><div class='avia_textblock'  itemprop=\"text\" ><p>Klebevorrichtung f\u00fcr ein Dispenser-Rohr<\/p>\n<\/div><\/section><\/p><\/div>\n<div  class='flex_column av-1t3n0n-faa5b704ad70a96478d45b7954f37842 av_one_half  avia-builder-el-8  el_after_av_one_half  el_before_av_one_half  first flex_column_div  column-top-margin'     ><p>\n<style type=\"text\/css\" data-created_by=\"avia_inline_auto\" id=\"style-css-av-1k6e7b-aee82eaa866886c5ad4541b6e3d6391f\">\n.avia-image-container.av-1k6e7b-aee82eaa866886c5ad4541b6e3d6391f img.avia_image{\nbox-shadow:none;\n}\n.avia-image-container.av-1k6e7b-aee82eaa866886c5ad4541b6e3d6391f .av-image-caption-overlay-center{\ncolor:#ffffff;\n}\n<\/style>\n<div  class='avia-image-container av-1k6e7b-aee82eaa866886c5ad4541b6e3d6391f av-styling- av-img-linked avia-align-left  avia-builder-el-9  el_before_av_textblock  avia-builder-el-first '   itemprop=\"image\" itemscope=\"itemscope\" itemtype=\"https:\/\/schema.org\/ImageObject\" ><div class=\"avia-image-container-inner\"><div class=\"avia-image-overlay-wrap\"><a href=\"https:\/\/puchegger.com\/wp-content\/uploads\/2021\/09\/img_Klebevorrichtung2.jpg\" data-srcset=\"https:\/\/puchegger.com\/wp-content\/uploads\/2021\/09\/img_Klebevorrichtung2.jpg 1024w, https:\/\/puchegger.com\/wp-content\/uploads\/2021\/09\/img_Klebevorrichtung2-300x187.jpg 300w, https:\/\/puchegger.com\/wp-content\/uploads\/2021\/09\/img_Klebevorrichtung2-768x479.jpg 768w, https:\/\/puchegger.com\/wp-content\/uploads\/2021\/09\/img_Klebevorrichtung2-705x439.jpg 705w\" data-sizes=\"(max-width: 1024px) 100vw, 1024px\" class='avia_image '  aria-label='img_Klebevorrichtung2'><img decoding=\"async\" fetchpriority=\"high\" class='wp-image-1185 avia-img-lazy-loading-not-1185 avia_image ' src=\"https:\/\/puchegger.com\/wp-content\/uploads\/2021\/09\/img_Klebevorrichtung2.jpg\" alt='' title='img_Klebevorrichtung2'  height=\"638\" width=\"1024\"  itemprop=\"thumbnailUrl\" srcset=\"https:\/\/puchegger.com\/wp-content\/uploads\/2021\/09\/img_Klebevorrichtung2.jpg 1024w, https:\/\/puchegger.com\/wp-content\/uploads\/2021\/09\/img_Klebevorrichtung2-300x187.jpg 300w, https:\/\/puchegger.com\/wp-content\/uploads\/2021\/09\/img_Klebevorrichtung2-768x479.jpg 768w, https:\/\/puchegger.com\/wp-content\/uploads\/2021\/09\/img_Klebevorrichtung2-705x439.jpg 705w\" sizes=\"(max-width: 1024px) 100vw, 1024px\" \/><\/a><\/div><\/div><\/div><br \/>\n<section  class='av_textblock_section av-1f1j3z-33987cab97a95a119200535fd6a09673 '   itemscope=\"itemscope\" itemtype=\"https:\/\/schema.org\/CreativeWork\" ><div class='avia_textblock'  itemprop=\"text\" ><p>Details der Klebevorrichtung Dispenser-Rohr<\/p>\n<\/div><\/section><br \/>\n\n<style type=\"text\/css\" data-created_by=\"avia_inline_auto\" id=\"style-css-av-19zmhz-74d26025fd0be3d5e125401f17c21892\">\n.avia-image-container.av-19zmhz-74d26025fd0be3d5e125401f17c21892 img.avia_image{\nbox-shadow:none;\n}\n.avia-image-container.av-19zmhz-74d26025fd0be3d5e125401f17c21892 .av-image-caption-overlay-center{\ncolor:#ffffff;\n}\n<\/style>\n<div  class='avia-image-container av-19zmhz-74d26025fd0be3d5e125401f17c21892 av-styling- av-img-linked avia-align-left  avia-builder-el-11  el_after_av_textblock  el_before_av_textblock '   itemprop=\"image\" itemscope=\"itemscope\" itemtype=\"https:\/\/schema.org\/ImageObject\" ><div class=\"avia-image-container-inner\"><div class=\"avia-image-overlay-wrap\"><a href=\"https:\/\/puchegger.com\/wp-content\/uploads\/2021\/09\/img_Klebevorrichtung7.jpg\" data-srcset=\"https:\/\/puchegger.com\/wp-content\/uploads\/2021\/09\/img_Klebevorrichtung7.jpg 1024w, https:\/\/puchegger.com\/wp-content\/uploads\/2021\/09\/img_Klebevorrichtung7-300x187.jpg 300w, https:\/\/puchegger.com\/wp-content\/uploads\/2021\/09\/img_Klebevorrichtung7-768x479.jpg 768w, https:\/\/puchegger.com\/wp-content\/uploads\/2021\/09\/img_Klebevorrichtung7-705x439.jpg 705w\" data-sizes=\"(max-width: 1024px) 100vw, 1024px\" class='avia_image '  aria-label='img_Klebevorrichtung7'><img decoding=\"async\" fetchpriority=\"high\" class='wp-image-1034 avia-img-lazy-loading-not-1034 avia_image ' src=\"https:\/\/puchegger.com\/wp-content\/uploads\/2021\/09\/img_Klebevorrichtung7.jpg\" alt='' title='img_Klebevorrichtung7'  height=\"638\" width=\"1024\"  itemprop=\"thumbnailUrl\" srcset=\"https:\/\/puchegger.com\/wp-content\/uploads\/2021\/09\/img_Klebevorrichtung7.jpg 1024w, https:\/\/puchegger.com\/wp-content\/uploads\/2021\/09\/img_Klebevorrichtung7-300x187.jpg 300w, https:\/\/puchegger.com\/wp-content\/uploads\/2021\/09\/img_Klebevorrichtung7-768x479.jpg 768w, https:\/\/puchegger.com\/wp-content\/uploads\/2021\/09\/img_Klebevorrichtung7-705x439.jpg 705w\" sizes=\"(max-width: 1024px) 100vw, 1024px\" \/><\/a><\/div><\/div><\/div><br \/>\n<section  class='av_textblock_section av-12o22n-fe4e91e1e31b92ddd0b5e429b12c2b57 '   itemscope=\"itemscope\" itemtype=\"https:\/\/schema.org\/CreativeWork\" ><div class='avia_textblock'  itemprop=\"text\" ><p>Klebevorrichtung f\u00fcr Optikeinheit<\/p>\n<\/div><\/section><\/p><\/div><div  class='flex_column av-x43rr-26b3e39047d4fd88661d3c779050ad25 av_one_half  avia-builder-el-13  el_after_av_one_half  avia-builder-el-last  flex_column_div  column-top-margin'     ><p>\n<style type=\"text\/css\" data-created_by=\"avia_inline_auto\" id=\"style-css-av-t3dw7-5f1c839b97236a61100049923b0e4f06\">\n.avia-image-container.av-t3dw7-5f1c839b97236a61100049923b0e4f06 img.avia_image{\nbox-shadow:none;\n}\n.avia-image-container.av-t3dw7-5f1c839b97236a61100049923b0e4f06 .av-image-caption-overlay-center{\ncolor:#ffffff;\n}\n<\/style>\n<div  class='avia-image-container av-t3dw7-5f1c839b97236a61100049923b0e4f06 av-styling- av-img-linked avia-align-left  avia-builder-el-14  el_before_av_textblock  avia-builder-el-first '   itemprop=\"image\" itemscope=\"itemscope\" itemtype=\"https:\/\/schema.org\/ImageObject\" ><div class=\"avia-image-container-inner\"><div class=\"avia-image-overlay-wrap\"><a href=\"https:\/\/puchegger.com\/wp-content\/uploads\/2021\/09\/img_Klebevorrichtung3.jpg\" data-srcset=\"https:\/\/puchegger.com\/wp-content\/uploads\/2021\/09\/img_Klebevorrichtung3.jpg 1024w, https:\/\/puchegger.com\/wp-content\/uploads\/2021\/09\/img_Klebevorrichtung3-300x187.jpg 300w, https:\/\/puchegger.com\/wp-content\/uploads\/2021\/09\/img_Klebevorrichtung3-768x479.jpg 768w, https:\/\/puchegger.com\/wp-content\/uploads\/2021\/09\/img_Klebevorrichtung3-705x439.jpg 705w\" data-sizes=\"(max-width: 1024px) 100vw, 1024px\" class='avia_image '  aria-label='img_Klebevorrichtung3'><img decoding=\"async\" fetchpriority=\"high\" class='wp-image-1029 avia-img-lazy-loading-not-1029 avia_image ' src=\"https:\/\/puchegger.com\/wp-content\/uploads\/2021\/09\/img_Klebevorrichtung3.jpg\" alt='' title='img_Klebevorrichtung3'  height=\"638\" width=\"1024\"  itemprop=\"thumbnailUrl\" srcset=\"https:\/\/puchegger.com\/wp-content\/uploads\/2021\/09\/img_Klebevorrichtung3.jpg 1024w, https:\/\/puchegger.com\/wp-content\/uploads\/2021\/09\/img_Klebevorrichtung3-300x187.jpg 300w, https:\/\/puchegger.com\/wp-content\/uploads\/2021\/09\/img_Klebevorrichtung3-768x479.jpg 768w, https:\/\/puchegger.com\/wp-content\/uploads\/2021\/09\/img_Klebevorrichtung3-705x439.jpg 705w\" sizes=\"(max-width: 1024px) 100vw, 1024px\" \/><\/a><\/div><\/div><\/div><br \/>\n<section  class='av_textblock_section av-20izj-ef37164ffb067e6979c116cd2ad0c759 '   itemscope=\"itemscope\" itemtype=\"https:\/\/schema.org\/CreativeWork\" ><div class='avia_textblock'  itemprop=\"text\" ><p>Klebevorrichtung f\u00fcr Blendenrad<\/p>\n<\/div><\/section><br \/>\n\n<style type=\"text\/css\" data-created_by=\"avia_inline_auto\" id=\"style-css-av-gljg7-4c6b208ef210c24bcf58f41daa2ccf03\">\n.avia-image-container.av-gljg7-4c6b208ef210c24bcf58f41daa2ccf03 img.avia_image{\nbox-shadow:none;\n}\n.avia-image-container.av-gljg7-4c6b208ef210c24bcf58f41daa2ccf03 .av-image-caption-overlay-center{\ncolor:#ffffff;\n}\n<\/style>\n<div  class='avia-image-container av-gljg7-4c6b208ef210c24bcf58f41daa2ccf03 av-styling- av-img-linked avia-align-left  avia-builder-el-16  el_after_av_textblock  el_before_av_textblock '   itemprop=\"image\" itemscope=\"itemscope\" itemtype=\"https:\/\/schema.org\/ImageObject\" ><div class=\"avia-image-container-inner\"><div class=\"avia-image-overlay-wrap\"><a href=\"https:\/\/puchegger.com\/wp-content\/uploads\/2021\/09\/img_Klebevorrichtung8.jpg\" data-srcset=\"https:\/\/puchegger.com\/wp-content\/uploads\/2021\/09\/img_Klebevorrichtung8.jpg 1024w, https:\/\/puchegger.com\/wp-content\/uploads\/2021\/09\/img_Klebevorrichtung8-300x187.jpg 300w, https:\/\/puchegger.com\/wp-content\/uploads\/2021\/09\/img_Klebevorrichtung8-768x479.jpg 768w, https:\/\/puchegger.com\/wp-content\/uploads\/2021\/09\/img_Klebevorrichtung8-705x439.jpg 705w\" data-sizes=\"(max-width: 1024px) 100vw, 1024px\" class='avia_image '  aria-label='img_Klebevorrichtung8'><img decoding=\"async\" fetchpriority=\"high\" class='wp-image-1035 avia-img-lazy-loading-not-1035 avia_image ' src=\"https:\/\/puchegger.com\/wp-content\/uploads\/2021\/09\/img_Klebevorrichtung8.jpg\" alt='' title='img_Klebevorrichtung8'  height=\"638\" width=\"1024\"  itemprop=\"thumbnailUrl\" srcset=\"https:\/\/puchegger.com\/wp-content\/uploads\/2021\/09\/img_Klebevorrichtung8.jpg 1024w, https:\/\/puchegger.com\/wp-content\/uploads\/2021\/09\/img_Klebevorrichtung8-300x187.jpg 300w, https:\/\/puchegger.com\/wp-content\/uploads\/2021\/09\/img_Klebevorrichtung8-768x479.jpg 768w, https:\/\/puchegger.com\/wp-content\/uploads\/2021\/09\/img_Klebevorrichtung8-705x439.jpg 705w\" sizes=\"(max-width: 1024px) 100vw, 1024px\" \/><\/a><\/div><\/div><\/div><br \/>\n<section  class='av_textblock_section av-11rfz-27d3b825fb964d6cfa80138d709a776e '   itemscope=\"itemscope\" itemtype=\"https:\/\/schema.org\/CreativeWork\" ><div class='avia_textblock'  itemprop=\"text\" ><p>Justagevorrichtung f\u00fcr holografische Spiegel<\/p>\n<\/div><\/section><\/p><\/div><\/p>\n","protected":false},"excerpt":{"rendered":"","protected":false},"author":1,"featured_media":0,"parent":0,"menu_order":0,"comment_status":"open","ping_status":"open","template":"","meta":{"footnotes":""},"class_list":["post-839","page","type-page","status-publish","hentry"],"_links":{"self":[{"href":"https:\/\/puchegger.com\/index.php?rest_route=\/wp\/v2\/pages\/839","targetHints":{"allow":["GET"]}}],"collection":[{"href":"https:\/\/puchegger.com\/index.php?rest_route=\/wp\/v2\/pages"}],"about":[{"href":"https:\/\/puchegger.com\/index.php?rest_route=\/wp\/v2\/types\/page"}],"author":[{"embeddable":true,"href":"https:\/\/puchegger.com\/index.php?rest_route=\/wp\/v2\/users\/1"}],"replies":[{"embeddable":true,"href":"https:\/\/puchegger.com\/index.php?rest_route=%2Fwp%2Fv2%2Fcomments&post=839"}],"version-history":[{"count":4,"href":"https:\/\/puchegger.com\/index.php?rest_route=\/wp\/v2\/pages\/839\/revisions"}],"predecessor-version":[{"id":1216,"href":"https:\/\/puchegger.com\/index.php?rest_route=\/wp\/v2\/pages\/839\/revisions\/1216"}],"wp:attachment":[{"href":"https:\/\/puchegger.com\/index.php?rest_route=%2Fwp%2Fv2%2Fmedia&parent=839"}],"curies":[{"name":"wp","href":"https:\/\/api.w.org\/{rel}","templated":true}]}}