{"id":93,"date":"2015-05-29T01:56:40","date_gmt":"2015-05-29T01:56:40","guid":{"rendered":"http:\/\/localhost:8888\/pugo_wp\/?page_id=93"},"modified":"2021-09-30T16:18:30","modified_gmt":"2021-09-30T14:18:30","slug":"montage-pruefvorrichtungen","status":"publish","type":"page","link":"https:\/\/puchegger.com\/?page_id=93","title":{"rendered":"Montage- und Pr\u00fcfvorrichtungen"},"content":{"rendered":"<div  class='flex_column av-1g1g9-80153dcf6746ffaca74b68c7a43776b7 av_one_full  avia-builder-el-0  el_before_av_one_half  avia-builder-el-first  first flex_column_div  '     ><p>\n<style type=\"text\/css\" data-created_by=\"avia_inline_auto\" id=\"style-css-av-dzt6p-b739406b1c0051821a69d79ab0c0db57\">\n#top .av-special-heading.av-dzt6p-b739406b1c0051821a69d79ab0c0db57{\npadding-bottom:10px;\n}\nbody .av-special-heading.av-dzt6p-b739406b1c0051821a69d79ab0c0db57 .av-special-heading-tag .heading-char{\nfont-size:25px;\n}\n.av-special-heading.av-dzt6p-b739406b1c0051821a69d79ab0c0db57 .av-subheading{\nfont-size:15px;\n}\n<\/style>\n<div  class='av-special-heading av-dzt6p-b739406b1c0051821a69d79ab0c0db57 av-special-heading-h2 blockquote modern-quote  avia-builder-el-1  el_before_av_hr  avia-builder-el-first '><h2 class='av-special-heading-tag '  itemprop=\"headline\"  >Montage- und Pr\u00fcfvorrichtungen<\/h2><div class=\"special-heading-border\"><div class=\"special-heading-inner-border\"><\/div><\/div><\/div><br \/>\n\n<style type=\"text\/css\" data-created_by=\"avia_inline_auto\" id=\"style-css-av-d5zcd-d39ace59743765bf334fc3c6d21ba912\">\n#top .hr.hr-invisible.av-d5zcd-d39ace59743765bf334fc3c6d21ba912{\nmargin-top:-22px;\nheight:1px;\n}\n<\/style>\n<div  class='hr av-d5zcd-d39ace59743765bf334fc3c6d21ba912 hr-invisible  avia-builder-el-2  el_after_av_heading  avia-builder-el-last '><span class='hr-inner '><span class=\"hr-inner-style\"><\/span><\/span><\/div><\/p><\/div>\n<div  class='flex_column av-d156x-cbda7f77917cab12558a970bd0a1a99c av_one_half  avia-builder-el-3  el_after_av_one_full  el_before_av_one_half  first flex_column_div  column-top-margin'     ><section  class='av_textblock_section av-17x0h-1ce52d2d33a3280f85a8bf5df1dc98e9 '   itemscope=\"itemscope\" itemtype=\"https:\/\/schema.org\/CreativeWork\" ><div class='avia_textblock'  itemprop=\"text\" ><h4><strong>Wir bieten<\/strong><\/h4>\n<ul>\n<li>Entwicklung und Bau von Montagvorrichtungen<\/li>\n<li>Entwicklung und Bau von Klebevorrichtungen<\/li>\n<li>Entwicklung und Bau von Modul-Testst\u00e4nden<\/li>\n<\/ul>\n<p>Siehe auch <a href=\"https:\/\/puchegger.com\/?page_id=65\">Automatisierungsvorrichtungen<\/a><\/p>\n<p>Produktionshilfsmittel sind f\u00fcr eine effiziente Produktion unerl\u00e4sslich. Derartige Hilfsmittel reichen von einfachen Montagevorrichtung \u00fcber Klebevorrichtung bis zu komplexeren Justage-Vorrichtungen mit Laser-Abstandsensoren. Eine noch komplexere Variante stellen Testst\u00e4nde dar mit deren Hilfe komplette Module (Mechanik + Elektronik + Optik) justiert und auf Funktionalit\u00e4t und Einhaltung des Spezifikationen getestet werden k\u00f6nnen. Derartige Testst\u00e4nde beinhalten dann auch Elektronik und PC-gest\u00fctzte Software um die Test-Ergebnisse auch in elektronischer Form zu dokumentieren. Wir entwickeln f\u00fcr Sie jegliche Form von Produktions- und Testhilfsmitteln um Ihre Produktion so effizient wie m\u00f6glich zu gestalten.<\/p>\n<h4><\/h4>\n<\/div><\/section><\/div>\n<div  class='flex_column av-bw66x-21eee9e90a569b86412541a55313e5c2 av_one_half  avia-builder-el-5  el_after_av_one_half  el_before_av_one_half  flex_column_div  column-top-margin'     ><p>\n<style type=\"text\/css\" data-created_by=\"avia_inline_auto\" id=\"style-css-av-b6p51-b37c2cc5cdaae34dbd6803b23e09c14c\">\n.avia-image-container.av-b6p51-b37c2cc5cdaae34dbd6803b23e09c14c img.avia_image{\nbox-shadow:none;\n}\n.avia-image-container.av-b6p51-b37c2cc5cdaae34dbd6803b23e09c14c .av-image-caption-overlay-center{\ncolor:#ffffff;\n}\n<\/style>\n<div  class='avia-image-container av-b6p51-b37c2cc5cdaae34dbd6803b23e09c14c av-styling- av-img-linked avia-align-left  avia-builder-el-6  el_before_av_textblock  avia-builder-el-first '   itemprop=\"image\" itemscope=\"itemscope\" itemtype=\"https:\/\/schema.org\/ImageObject\" ><div class=\"avia-image-container-inner\"><div class=\"avia-image-overlay-wrap\"><a href=\"https:\/\/puchegger.com\/wp-content\/uploads\/2021\/09\/img_Klebevorrichtung1.jpg\" data-srcset=\"https:\/\/puchegger.com\/wp-content\/uploads\/2021\/09\/img_Klebevorrichtung1.jpg 1024w, https:\/\/puchegger.com\/wp-content\/uploads\/2021\/09\/img_Klebevorrichtung1-300x187.jpg 300w, https:\/\/puchegger.com\/wp-content\/uploads\/2021\/09\/img_Klebevorrichtung1-768x479.jpg 768w, https:\/\/puchegger.com\/wp-content\/uploads\/2021\/09\/img_Klebevorrichtung1-705x439.jpg 705w\" data-sizes=\"(max-width: 1024px) 100vw, 1024px\" class='avia_image '  aria-label='img_Klebevorrichtung1'><img decoding=\"async\" fetchpriority=\"high\" class='wp-image-1028 avia-img-lazy-loading-not-1028 avia_image ' src=\"https:\/\/puchegger.com\/wp-content\/uploads\/2021\/09\/img_Klebevorrichtung1.jpg\" alt='' title='img_Klebevorrichtung1'  height=\"638\" width=\"1024\"  itemprop=\"thumbnailUrl\" srcset=\"https:\/\/puchegger.com\/wp-content\/uploads\/2021\/09\/img_Klebevorrichtung1.jpg 1024w, https:\/\/puchegger.com\/wp-content\/uploads\/2021\/09\/img_Klebevorrichtung1-300x187.jpg 300w, https:\/\/puchegger.com\/wp-content\/uploads\/2021\/09\/img_Klebevorrichtung1-768x479.jpg 768w, https:\/\/puchegger.com\/wp-content\/uploads\/2021\/09\/img_Klebevorrichtung1-705x439.jpg 705w\" sizes=\"(max-width: 1024px) 100vw, 1024px\" \/><\/a><\/div><\/div><\/div><br \/>\n<section  class='av_textblock_section av-a93yh-3a8c4d75dd6b9f6d4d2b806b9fa31fe4 '   itemscope=\"itemscope\" itemtype=\"https:\/\/schema.org\/CreativeWork\" ><div class='avia_textblock'  itemprop=\"text\" ><h4><\/h4>\n<p>Klebevorrichtung Pipettenrohr<\/p>\n<\/div><\/section><br \/>\n\n<style type=\"text\/css\" data-created_by=\"avia_inline_auto\" id=\"style-css-av-zxtl-51cb1f93712b7199c0c3e77184cf4455\">\n.avia-image-container.av-zxtl-51cb1f93712b7199c0c3e77184cf4455 img.avia_image{\nbox-shadow:none;\n}\n.avia-image-container.av-zxtl-51cb1f93712b7199c0c3e77184cf4455 .av-image-caption-overlay-center{\ncolor:#ffffff;\n}\n<\/style>\n<div  class='avia-image-container av-zxtl-51cb1f93712b7199c0c3e77184cf4455 av-styling- av-img-linked avia-align-left  avia-builder-el-8  el_after_av_textblock  el_before_av_textblock '   itemprop=\"image\" itemscope=\"itemscope\" itemtype=\"https:\/\/schema.org\/ImageObject\" ><div class=\"avia-image-container-inner\"><div class=\"avia-image-overlay-wrap\"><a href=\"https:\/\/puchegger.com\/wp-content\/uploads\/2021\/09\/img_Klebevorrichtung2.jpg\" data-srcset=\"https:\/\/puchegger.com\/wp-content\/uploads\/2021\/09\/img_Klebevorrichtung2.jpg 1024w, https:\/\/puchegger.com\/wp-content\/uploads\/2021\/09\/img_Klebevorrichtung2-300x187.jpg 300w, https:\/\/puchegger.com\/wp-content\/uploads\/2021\/09\/img_Klebevorrichtung2-768x479.jpg 768w, https:\/\/puchegger.com\/wp-content\/uploads\/2021\/09\/img_Klebevorrichtung2-705x439.jpg 705w\" data-sizes=\"(max-width: 1024px) 100vw, 1024px\" class='avia_image '  aria-label='img_Klebevorrichtung2'><img decoding=\"async\" fetchpriority=\"high\" class='wp-image-1185 avia-img-lazy-loading-not-1185 avia_image ' src=\"https:\/\/puchegger.com\/wp-content\/uploads\/2021\/09\/img_Klebevorrichtung2.jpg\" alt='' title='img_Klebevorrichtung2'  height=\"638\" width=\"1024\"  itemprop=\"thumbnailUrl\" srcset=\"https:\/\/puchegger.com\/wp-content\/uploads\/2021\/09\/img_Klebevorrichtung2.jpg 1024w, https:\/\/puchegger.com\/wp-content\/uploads\/2021\/09\/img_Klebevorrichtung2-300x187.jpg 300w, https:\/\/puchegger.com\/wp-content\/uploads\/2021\/09\/img_Klebevorrichtung2-768x479.jpg 768w, https:\/\/puchegger.com\/wp-content\/uploads\/2021\/09\/img_Klebevorrichtung2-705x439.jpg 705w\" sizes=\"(max-width: 1024px) 100vw, 1024px\" \/><\/a><\/div><\/div><\/div><br \/>\n<section  class='av_textblock_section av-94unh-ab6cc073bdfbe9aa294412dd2f99b48e '   itemscope=\"itemscope\" itemtype=\"https:\/\/schema.org\/CreativeWork\" ><div class='avia_textblock'  itemprop=\"text\" ><h4><\/h4>\n<p>Klebevorrichtung, Detail Kniehebelspanner<\/p>\n<\/div><\/section><\/p><\/div>\n<div  class='flex_column av-8v1kd-a60689e32944b34a37214017d27e6a5b av_one_half  avia-builder-el-10  el_after_av_one_half  el_before_av_one_half  first flex_column_div  column-top-margin'     ><p>\n<style type=\"text\/css\" data-created_by=\"avia_inline_auto\" id=\"style-css-av-87kqh-629fbd97ca16e5024178ad42a089831d\">\n.avia-image-container.av-87kqh-629fbd97ca16e5024178ad42a089831d img.avia_image{\nbox-shadow:none;\n}\n.avia-image-container.av-87kqh-629fbd97ca16e5024178ad42a089831d .av-image-caption-overlay-center{\ncolor:#ffffff;\n}\n<\/style>\n<div  class='avia-image-container av-87kqh-629fbd97ca16e5024178ad42a089831d av-styling- av-img-linked avia-align-left  avia-builder-el-11  el_before_av_textblock  avia-builder-el-first '   itemprop=\"image\" itemscope=\"itemscope\" itemtype=\"https:\/\/schema.org\/ImageObject\" ><div class=\"avia-image-container-inner\"><div class=\"avia-image-overlay-wrap\"><a href=\"https:\/\/puchegger.com\/wp-content\/uploads\/2021\/09\/img_Klebevorrichtung3.jpg\" data-srcset=\"https:\/\/puchegger.com\/wp-content\/uploads\/2021\/09\/img_Klebevorrichtung3.jpg 1024w, https:\/\/puchegger.com\/wp-content\/uploads\/2021\/09\/img_Klebevorrichtung3-300x187.jpg 300w, https:\/\/puchegger.com\/wp-content\/uploads\/2021\/09\/img_Klebevorrichtung3-768x479.jpg 768w, https:\/\/puchegger.com\/wp-content\/uploads\/2021\/09\/img_Klebevorrichtung3-705x439.jpg 705w\" data-sizes=\"(max-width: 1024px) 100vw, 1024px\" class='avia_image '  aria-label='img_Klebevorrichtung3'><img decoding=\"async\" fetchpriority=\"high\" class='wp-image-1029 avia-img-lazy-loading-not-1029 avia_image ' src=\"https:\/\/puchegger.com\/wp-content\/uploads\/2021\/09\/img_Klebevorrichtung3.jpg\" alt='' title='img_Klebevorrichtung3'  height=\"638\" width=\"1024\"  itemprop=\"thumbnailUrl\" srcset=\"https:\/\/puchegger.com\/wp-content\/uploads\/2021\/09\/img_Klebevorrichtung3.jpg 1024w, https:\/\/puchegger.com\/wp-content\/uploads\/2021\/09\/img_Klebevorrichtung3-300x187.jpg 300w, https:\/\/puchegger.com\/wp-content\/uploads\/2021\/09\/img_Klebevorrichtung3-768x479.jpg 768w, https:\/\/puchegger.com\/wp-content\/uploads\/2021\/09\/img_Klebevorrichtung3-705x439.jpg 705w\" sizes=\"(max-width: 1024px) 100vw, 1024px\" \/><\/a><\/div><\/div><\/div><br \/>\n<section  class='av_textblock_section av-7jt3p-c00fe35859a4e489b4d3a2e80526e796 '   itemscope=\"itemscope\" itemtype=\"https:\/\/schema.org\/CreativeWork\" ><div class='avia_textblock'  itemprop=\"text\" ><h4><\/h4>\n<p>Klebevorrichtung f\u00fcr Blendenrad<\/p>\n<\/div><\/section><br \/>\n\n<style type=\"text\/css\" data-created_by=\"avia_inline_auto\" id=\"style-css-av-3v919-cdc0e447aa754aa3fad3f707cba6dcb3\">\n.avia-image-container.av-3v919-cdc0e447aa754aa3fad3f707cba6dcb3 img.avia_image{\nbox-shadow:none;\n}\n.avia-image-container.av-3v919-cdc0e447aa754aa3fad3f707cba6dcb3 .av-image-caption-overlay-center{\ncolor:#ffffff;\n}\n<\/style>\n<div  class='avia-image-container av-3v919-cdc0e447aa754aa3fad3f707cba6dcb3 av-styling- av-img-linked avia-align-left  avia-builder-el-13  el_after_av_textblock  el_before_av_textblock '   itemprop=\"image\" itemscope=\"itemscope\" itemtype=\"https:\/\/schema.org\/ImageObject\" ><div class=\"avia-image-container-inner\"><div class=\"avia-image-overlay-wrap\"><a href=\"https:\/\/puchegger.com\/wp-content\/uploads\/2021\/09\/img_Klebevorrichtung4.jpg\" data-srcset=\"https:\/\/puchegger.com\/wp-content\/uploads\/2021\/09\/img_Klebevorrichtung4.jpg 1024w, https:\/\/puchegger.com\/wp-content\/uploads\/2021\/09\/img_Klebevorrichtung4-300x187.jpg 300w, https:\/\/puchegger.com\/wp-content\/uploads\/2021\/09\/img_Klebevorrichtung4-768x479.jpg 768w, https:\/\/puchegger.com\/wp-content\/uploads\/2021\/09\/img_Klebevorrichtung4-705x439.jpg 705w\" data-sizes=\"(max-width: 1024px) 100vw, 1024px\" class='avia_image '  aria-label='img_Klebevorrichtung4'><img decoding=\"async\" fetchpriority=\"high\" class='wp-image-1030 avia-img-lazy-loading-not-1030 avia_image ' src=\"https:\/\/puchegger.com\/wp-content\/uploads\/2021\/09\/img_Klebevorrichtung4.jpg\" alt='' title='img_Klebevorrichtung4'  height=\"638\" width=\"1024\"  itemprop=\"thumbnailUrl\" srcset=\"https:\/\/puchegger.com\/wp-content\/uploads\/2021\/09\/img_Klebevorrichtung4.jpg 1024w, https:\/\/puchegger.com\/wp-content\/uploads\/2021\/09\/img_Klebevorrichtung4-300x187.jpg 300w, https:\/\/puchegger.com\/wp-content\/uploads\/2021\/09\/img_Klebevorrichtung4-768x479.jpg 768w, https:\/\/puchegger.com\/wp-content\/uploads\/2021\/09\/img_Klebevorrichtung4-705x439.jpg 705w\" sizes=\"(max-width: 1024px) 100vw, 1024px\" \/><\/a><\/div><\/div><\/div><br \/>\n<section  class='av_textblock_section av-63h5h-2a6160bf8bd8d6d81c4acef7369b3069 '   itemscope=\"itemscope\" itemtype=\"https:\/\/schema.org\/CreativeWork\" ><div class='avia_textblock'  itemprop=\"text\" ><h4><\/h4>\n<p>Klebevorrichtung Strahlteiler-Einheit<\/p>\n<\/div><\/section><br \/>\n\n<style type=\"text\/css\" data-created_by=\"avia_inline_auto\" id=\"style-css-av-6x7zh-de08277cae1f8cf6e7f6829db509bdc9\">\n.avia-image-container.av-6x7zh-de08277cae1f8cf6e7f6829db509bdc9 img.avia_image{\nbox-shadow:none;\n}\n.avia-image-container.av-6x7zh-de08277cae1f8cf6e7f6829db509bdc9 .av-image-caption-overlay-center{\ncolor:#ffffff;\n}\n<\/style>\n<div  class='avia-image-container av-6x7zh-de08277cae1f8cf6e7f6829db509bdc9 av-styling- av-img-linked avia-align-left  avia-builder-el-15  el_after_av_textblock  el_before_av_textblock '   itemprop=\"image\" itemscope=\"itemscope\" itemtype=\"https:\/\/schema.org\/ImageObject\" ><div class=\"avia-image-container-inner\"><div class=\"avia-image-overlay-wrap\"><a href=\"https:\/\/puchegger.com\/wp-content\/uploads\/2021\/09\/img_Klebevorrichtung5-1.jpg\" data-srcset=\"https:\/\/puchegger.com\/wp-content\/uploads\/2021\/09\/img_Klebevorrichtung5-1.jpg 1024w, https:\/\/puchegger.com\/wp-content\/uploads\/2021\/09\/img_Klebevorrichtung5-1-300x187.jpg 300w, https:\/\/puchegger.com\/wp-content\/uploads\/2021\/09\/img_Klebevorrichtung5-1-768x479.jpg 768w, https:\/\/puchegger.com\/wp-content\/uploads\/2021\/09\/img_Klebevorrichtung5-1-705x439.jpg 705w\" data-sizes=\"(max-width: 1024px) 100vw, 1024px\" class='avia_image '  aria-label='img_Klebevorrichtung5'><img decoding=\"async\" fetchpriority=\"high\" class='wp-image-1032 avia-img-lazy-loading-not-1032 avia_image ' src=\"https:\/\/puchegger.com\/wp-content\/uploads\/2021\/09\/img_Klebevorrichtung5-1.jpg\" alt='' title='img_Klebevorrichtung5'  height=\"638\" width=\"1024\"  itemprop=\"thumbnailUrl\" srcset=\"https:\/\/puchegger.com\/wp-content\/uploads\/2021\/09\/img_Klebevorrichtung5-1.jpg 1024w, https:\/\/puchegger.com\/wp-content\/uploads\/2021\/09\/img_Klebevorrichtung5-1-300x187.jpg 300w, https:\/\/puchegger.com\/wp-content\/uploads\/2021\/09\/img_Klebevorrichtung5-1-768x479.jpg 768w, https:\/\/puchegger.com\/wp-content\/uploads\/2021\/09\/img_Klebevorrichtung5-1-705x439.jpg 705w\" sizes=\"(max-width: 1024px) 100vw, 1024px\" \/><\/a><\/div><\/div><\/div><br \/>\n<section  class='av_textblock_section av-4xyh5-9a5648da6a89398ce744f15fbf4f1394 '   itemscope=\"itemscope\" itemtype=\"https:\/\/schema.org\/CreativeWork\" ><div class='avia_textblock'  itemprop=\"text\" ><h4><\/h4>\n<p>Klebevorrichtung Strahlteiler-Einheit<\/p>\n<\/div><\/section><\/p><\/div><div  class='flex_column av-4f991-9ba8599873089fea4b9f1fb0fc4fba33 av_one_half  avia-builder-el-17  el_after_av_one_half  avia-builder-el-last  flex_column_div  column-top-margin'     ><p>\n<style type=\"text\/css\" data-created_by=\"avia_inline_auto\" id=\"style-css-av-2xa1h-a889d5b90c076df2e6f0183e60af9c03\">\n.avia-image-container.av-2xa1h-a889d5b90c076df2e6f0183e60af9c03 img.avia_image{\nbox-shadow:none;\n}\n.avia-image-container.av-2xa1h-a889d5b90c076df2e6f0183e60af9c03 .av-image-caption-overlay-center{\ncolor:#ffffff;\n}\n<\/style>\n<div  class='avia-image-container av-2xa1h-a889d5b90c076df2e6f0183e60af9c03 av-styling- av-img-linked avia-align-left  avia-builder-el-18  el_before_av_textblock  avia-builder-el-first '   itemprop=\"image\" itemscope=\"itemscope\" itemtype=\"https:\/\/schema.org\/ImageObject\" ><div class=\"avia-image-container-inner\"><div class=\"avia-image-overlay-wrap\"><a href=\"https:\/\/puchegger.com\/wp-content\/uploads\/2021\/09\/img_Klebevorrichtung6-1.jpg\" data-srcset=\"https:\/\/puchegger.com\/wp-content\/uploads\/2021\/09\/img_Klebevorrichtung6-1.jpg 1024w, https:\/\/puchegger.com\/wp-content\/uploads\/2021\/09\/img_Klebevorrichtung6-1-300x187.jpg 300w, https:\/\/puchegger.com\/wp-content\/uploads\/2021\/09\/img_Klebevorrichtung6-1-768x479.jpg 768w, https:\/\/puchegger.com\/wp-content\/uploads\/2021\/09\/img_Klebevorrichtung6-1-705x439.jpg 705w\" data-sizes=\"(max-width: 1024px) 100vw, 1024px\" class='avia_image '  aria-label='img_Klebevorrichtung6'><img decoding=\"async\" fetchpriority=\"high\" class='wp-image-1186 avia-img-lazy-loading-not-1186 avia_image ' src=\"https:\/\/puchegger.com\/wp-content\/uploads\/2021\/09\/img_Klebevorrichtung6-1.jpg\" alt='' title='img_Klebevorrichtung6'  height=\"638\" width=\"1024\"  itemprop=\"thumbnailUrl\" srcset=\"https:\/\/puchegger.com\/wp-content\/uploads\/2021\/09\/img_Klebevorrichtung6-1.jpg 1024w, https:\/\/puchegger.com\/wp-content\/uploads\/2021\/09\/img_Klebevorrichtung6-1-300x187.jpg 300w, https:\/\/puchegger.com\/wp-content\/uploads\/2021\/09\/img_Klebevorrichtung6-1-768x479.jpg 768w, https:\/\/puchegger.com\/wp-content\/uploads\/2021\/09\/img_Klebevorrichtung6-1-705x439.jpg 705w\" sizes=\"(max-width: 1024px) 100vw, 1024px\" \/><\/a><\/div><\/div><\/div><br \/>\n<section  class='av_textblock_section av-3d53t-60c24df98be3f7ffc781302ce4c8357c '   itemscope=\"itemscope\" itemtype=\"https:\/\/schema.org\/CreativeWork\" ><div class='avia_textblock'  itemprop=\"text\" ><h4><\/h4>\n<p>Klebevorrichtung holografische Spiegel<\/p>\n<\/div><\/section><br \/>\n\n<style type=\"text\/css\" data-created_by=\"avia_inline_auto\" id=\"style-css-av-jsc9-8fcca35f4b35e9358488f0b791834da0\">\n.avia-image-container.av-jsc9-8fcca35f4b35e9358488f0b791834da0 img.avia_image{\nbox-shadow:none;\n}\n.avia-image-container.av-jsc9-8fcca35f4b35e9358488f0b791834da0 .av-image-caption-overlay-center{\ncolor:#ffffff;\n}\n<\/style>\n<div  class='avia-image-container av-jsc9-8fcca35f4b35e9358488f0b791834da0 av-styling- av-img-linked avia-align-left  avia-builder-el-20  el_after_av_textblock  el_before_av_textblock '   itemprop=\"image\" itemscope=\"itemscope\" itemtype=\"https:\/\/schema.org\/ImageObject\" ><div class=\"avia-image-container-inner\"><div class=\"avia-image-overlay-wrap\"><a href=\"https:\/\/puchegger.com\/wp-content\/uploads\/2021\/09\/img_Klebevorrichtung7.jpg\" data-srcset=\"https:\/\/puchegger.com\/wp-content\/uploads\/2021\/09\/img_Klebevorrichtung7.jpg 1024w, https:\/\/puchegger.com\/wp-content\/uploads\/2021\/09\/img_Klebevorrichtung7-300x187.jpg 300w, https:\/\/puchegger.com\/wp-content\/uploads\/2021\/09\/img_Klebevorrichtung7-768x479.jpg 768w, https:\/\/puchegger.com\/wp-content\/uploads\/2021\/09\/img_Klebevorrichtung7-705x439.jpg 705w\" data-sizes=\"(max-width: 1024px) 100vw, 1024px\" class='avia_image '  aria-label='img_Klebevorrichtung7'><img decoding=\"async\" fetchpriority=\"high\" class='wp-image-1034 avia-img-lazy-loading-not-1034 avia_image ' src=\"https:\/\/puchegger.com\/wp-content\/uploads\/2021\/09\/img_Klebevorrichtung7.jpg\" alt='' title='img_Klebevorrichtung7'  height=\"638\" width=\"1024\"  itemprop=\"thumbnailUrl\" srcset=\"https:\/\/puchegger.com\/wp-content\/uploads\/2021\/09\/img_Klebevorrichtung7.jpg 1024w, https:\/\/puchegger.com\/wp-content\/uploads\/2021\/09\/img_Klebevorrichtung7-300x187.jpg 300w, https:\/\/puchegger.com\/wp-content\/uploads\/2021\/09\/img_Klebevorrichtung7-768x479.jpg 768w, https:\/\/puchegger.com\/wp-content\/uploads\/2021\/09\/img_Klebevorrichtung7-705x439.jpg 705w\" sizes=\"(max-width: 1024px) 100vw, 1024px\" \/><\/a><\/div><\/div><\/div><br \/>\n<section  class='av_textblock_section av-1y0ip-72964e6ba1f7c8e8cce816c986e6e818 '   itemscope=\"itemscope\" itemtype=\"https:\/\/schema.org\/CreativeWork\" ><div class='avia_textblock'  itemprop=\"text\" ><h4><\/h4>\n<p>Klebevorrichtung Optik-Einheit<\/p>\n<\/div><\/section><br \/>\n\n<style type=\"text\/css\" data-created_by=\"avia_inline_auto\" id=\"style-css-av-1kax9-e806e39dcf1286a391612f87e4bc3711\">\n.avia-image-container.av-1kax9-e806e39dcf1286a391612f87e4bc3711 img.avia_image{\nbox-shadow:none;\n}\n.avia-image-container.av-1kax9-e806e39dcf1286a391612f87e4bc3711 .av-image-caption-overlay-center{\ncolor:#ffffff;\n}\n<\/style>\n<div  class='avia-image-container av-1kax9-e806e39dcf1286a391612f87e4bc3711 av-styling- av-img-linked avia-align-left  avia-builder-el-22  el_after_av_textblock  el_before_av_textblock '   itemprop=\"image\" itemscope=\"itemscope\" itemtype=\"https:\/\/schema.org\/ImageObject\" ><div class=\"avia-image-container-inner\"><div class=\"avia-image-overlay-wrap\"><a href=\"https:\/\/puchegger.com\/wp-content\/uploads\/2021\/09\/img_Klebevorrichtung8.jpg\" data-srcset=\"https:\/\/puchegger.com\/wp-content\/uploads\/2021\/09\/img_Klebevorrichtung8.jpg 1024w, https:\/\/puchegger.com\/wp-content\/uploads\/2021\/09\/img_Klebevorrichtung8-300x187.jpg 300w, https:\/\/puchegger.com\/wp-content\/uploads\/2021\/09\/img_Klebevorrichtung8-768x479.jpg 768w, https:\/\/puchegger.com\/wp-content\/uploads\/2021\/09\/img_Klebevorrichtung8-705x439.jpg 705w\" data-sizes=\"(max-width: 1024px) 100vw, 1024px\" class='avia_image '  aria-label='img_Klebevorrichtung8'><img decoding=\"async\" fetchpriority=\"high\" class='wp-image-1035 avia-img-lazy-loading-not-1035 avia_image ' src=\"https:\/\/puchegger.com\/wp-content\/uploads\/2021\/09\/img_Klebevorrichtung8.jpg\" alt='' title='img_Klebevorrichtung8'  height=\"638\" width=\"1024\"  itemprop=\"thumbnailUrl\" srcset=\"https:\/\/puchegger.com\/wp-content\/uploads\/2021\/09\/img_Klebevorrichtung8.jpg 1024w, https:\/\/puchegger.com\/wp-content\/uploads\/2021\/09\/img_Klebevorrichtung8-300x187.jpg 300w, https:\/\/puchegger.com\/wp-content\/uploads\/2021\/09\/img_Klebevorrichtung8-768x479.jpg 768w, https:\/\/puchegger.com\/wp-content\/uploads\/2021\/09\/img_Klebevorrichtung8-705x439.jpg 705w\" sizes=\"(max-width: 1024px) 100vw, 1024px\" \/><\/a><\/div><\/div><\/div><br \/>\n<section  class='av_textblock_section av-qy21-84a722ee2f74510670c54f4f23f13f24 '   itemscope=\"itemscope\" itemtype=\"https:\/\/schema.org\/CreativeWork\" ><div class='avia_textblock'  itemprop=\"text\" ><h4><\/h4>\n<p>Justagevorrichtung holografische Spiegel<\/p>\n<\/div><\/section><\/p><\/div><\/p>\n","protected":false},"excerpt":{"rendered":"","protected":false},"author":1,"featured_media":0,"parent":0,"menu_order":0,"comment_status":"open","ping_status":"open","template":"","meta":{"footnotes":""},"class_list":["post-93","page","type-page","status-publish","hentry"],"_links":{"self":[{"href":"https:\/\/puchegger.com\/index.php?rest_route=\/wp\/v2\/pages\/93","targetHints":{"allow":["GET"]}}],"collection":[{"href":"https:\/\/puchegger.com\/index.php?rest_route=\/wp\/v2\/pages"}],"about":[{"href":"https:\/\/puchegger.com\/index.php?rest_route=\/wp\/v2\/types\/page"}],"author":[{"embeddable":true,"href":"https:\/\/puchegger.com\/index.php?rest_route=\/wp\/v2\/users\/1"}],"replies":[{"embeddable":true,"href":"https:\/\/puchegger.com\/index.php?rest_route=%2Fwp%2Fv2%2Fcomments&post=93"}],"version-history":[{"count":3,"href":"https:\/\/puchegger.com\/index.php?rest_route=\/wp\/v2\/pages\/93\/revisions"}],"predecessor-version":[{"id":1204,"href":"https:\/\/puchegger.com\/index.php?rest_route=\/wp\/v2\/pages\/93\/revisions\/1204"}],"wp:attachment":[{"href":"https:\/\/puchegger.com\/index.php?rest_route=%2Fwp%2Fv2%2Fmedia&parent=93"}],"curies":[{"name":"wp","href":"https:\/\/api.w.org\/{rel}","templated":true}]}}